{"id":53,"date":"2019-02-27T21:46:00","date_gmt":"2019-02-27T20:46:00","guid":{"rendered":"http:\/\/www.ensemblevocal.chorale-resonance.org\/?page_id=53"},"modified":"2021-10-15T19:04:22","modified_gmt":"2021-10-15T17:04:22","slug":"recrutement","status":"publish","type":"page","link":"https:\/\/www.chorale-resonance.org\/index.php\/recrutement\/","title":{"rendered":"Recrutement"},"content":{"rendered":"\t\t<div data-elementor-type=\"wp-post\" data-elementor-id=\"53\" class=\"elementor elementor-53\">\n\t\t\t\t\t\t<div class=\"elementor-inner\">\n\t\t\t\t<div class=\"elementor-section-wrap\">\n\t\t\t\t\t\t\t\t\t<section class=\"elementor-section elementor-top-section elementor-element elementor-element-7e59da26 elementor-section-content-middle elementor-section-boxed elementor-section-height-default elementor-section-height-default\" data-id=\"7e59da26\" data-element_type=\"section\">\n\t\t\t\t\t\t<div class=\"elementor-container elementor-column-gap-default\">\n\t\t\t\t\t\t\t<div class=\"elementor-row\">\n\t\t\t\t\t<div class=\"elementor-column elementor-col-50 elementor-top-column elementor-element elementor-element-3f6c9505\" data-id=\"3f6c9505\" data-element_type=\"column\">\n\t\t\t<div class=\"elementor-column-wrap elementor-element-populated\">\n\t\t\t\t\t\t\t<div class=\"elementor-widget-wrap\">\n\t\t\t\t\t\t<div class=\"elementor-element elementor-element-79d28f5b elementor-widget elementor-widget-heading\" data-id=\"79d28f5b\" data-element_type=\"widget\" data-widget_type=\"heading.default\">\n\t\t\t\t<div class=\"elementor-widget-container\">\n\t\t\t<h2 class=\"elementor-heading-title elementor-size-default\">L'Ensemble Vocal R\u00e9sonance recrute<\/h2>\t\t<\/div>\n\t\t\t\t<\/div>\n\t\t\t\t<div class=\"elementor-element elementor-element-21e0396 elementor-widget elementor-widget-spacer\" data-id=\"21e0396\" data-element_type=\"widget\" data-widget_type=\"spacer.default\">\n\t\t\t\t<div class=\"elementor-widget-container\">\n\t\t\t\t\t<div class=\"elementor-spacer\">\n\t\t\t<div class=\"elementor-spacer-inner\"><\/div>\n\t\t<\/div>\n\t\t\t\t<\/div>\n\t\t\t\t<\/div>\n\t\t\t\t<div class=\"elementor-element elementor-element-34d6788e elementor-widget elementor-widget-text-editor\" data-id=\"34d6788e\" data-element_type=\"widget\" data-widget_type=\"text-editor.default\">\n\t\t\t\t<div class=\"elementor-widget-container\">\n\t\t\t\t\t\t\t\t<div class=\"elementor-text-editor elementor-clearfix\">\n\t\t\t\t<p><span style=\"font-family: Montserrat;\">L\u2019Ensemble Vocal R\u00e9sonance\u00a0recrute des chanteurs de bon niveau, dans les 4 pupitres, ayant une bonne exp\u00e9rience du chant choral ou de la musique.<\/span><\/p><p><span style=\"font-family: Montserrat;\">Dans un esprit convivial, le travail exigeant permet de produire des concerts de qualit\u00e9 5 \u00e0 10 fois par an, a cappella ou avec accompagnement piano ou orchestre.<\/span><\/p><p><span style=\"font-family: Montserrat;\">Les r\u00e9p\u00e9titions ont lieu le mercredi soir (19h30 \u00e0 22h30) \u00e0 Rennes, hors vacances scolaires, ainsi que quelques week-ends de travail dans l\u2019ann\u00e9e.<\/span><\/p><p><span style=\"font-family: Montserrat;\">Recrutement sur audition : 06 89 45 51 53, <a href=\"mailto:contact@chorale-resonance.org\" target=\"_blank\" rel=\"noopener\">contact@chorale-resonance.org<\/a><\/span><\/p>\t\t\t\t\t<\/div>\n\t\t\t\t\t\t<\/div>\n\t\t\t\t<\/div>\n\t\t\t\t\t\t<\/div>\n\t\t\t\t\t<\/div>\n\t\t<\/div>\n\t\t\t\t<div class=\"elementor-column elementor-col-50 elementor-top-column elementor-element elementor-element-7d241612\" data-id=\"7d241612\" data-element_type=\"column\">\n\t\t\t<div class=\"elementor-column-wrap elementor-element-populated\">\n\t\t\t\t\t\t\t<div class=\"elementor-widget-wrap\">\n\t\t\t\t\t\t<div class=\"elementor-element elementor-element-e125a50 elementor-widget elementor-widget-image\" data-id=\"e125a50\" data-element_type=\"widget\" data-widget_type=\"image.default\">\n\t\t\t\t<div class=\"elementor-widget-container\">\n\t\t\t\t\t\t\t\t<div class=\"elementor-image\">\n\t\t\t\t\t\t\t\t\t\t\t\t<img width=\"1024\" height=\"576\" src=\"https:\/\/www.chorale-resonance.org\/wp-content\/uploads\/2019\/05\/P1370506.JPG-1024x576.jpg\" class=\"attachment-large size-large\" alt=\"recrutement ensemble vocal r\u00e9sonance\" loading=\"lazy\" srcset=\"https:\/\/www.chorale-resonance.org\/wp-content\/uploads\/2019\/05\/P1370506.JPG-1024x576.jpg 1024w, https:\/\/www.chorale-resonance.org\/wp-content\/uploads\/2019\/05\/P1370506.JPG-300x169.jpg 300w, https:\/\/www.chorale-resonance.org\/wp-content\/uploads\/2019\/05\/P1370506.JPG-768x432.jpg 768w, https:\/\/www.chorale-resonance.org\/wp-content\/uploads\/2019\/05\/P1370506.JPG.jpg 2000w\" sizes=\"(max-width: 1024px) 100vw, 1024px\" \/>\t\t\t\t\t\t\t\t\t\t\t\t\t\t<\/div>\n\t\t\t\t\t\t<\/div>\n\t\t\t\t<\/div>\n\t\t\t\t<div class=\"elementor-element elementor-element-3fdddd16 elementor-widget elementor-widget-image\" data-id=\"3fdddd16\" data-element_type=\"widget\" data-widget_type=\"image.default\">\n\t\t\t\t<div class=\"elementor-widget-container\">\n\t\t\t\t\t\t\t\t<div class=\"elementor-image\">\n\t\t\t\t\t\t\t\t\t\t\t\t<img width=\"768\" height=\"431\" src=\"https:\/\/www.chorale-resonance.org\/wp-content\/uploads\/2019\/04\/recrutement-768x431.jpg\" class=\"attachment-medium_large size-medium_large\" alt=\"ensemble vocal r\u00e9sonance, recrutement\" loading=\"lazy\" srcset=\"https:\/\/www.chorale-resonance.org\/wp-content\/uploads\/2019\/04\/recrutement-768x431.jpg 768w, https:\/\/www.chorale-resonance.org\/wp-content\/uploads\/2019\/04\/recrutement-300x168.jpg 300w, https:\/\/www.chorale-resonance.org\/wp-content\/uploads\/2019\/04\/recrutement.jpg 960w\" sizes=\"(max-width: 768px) 100vw, 768px\" \/>\t\t\t\t\t\t\t\t\t\t\t\t\t\t<\/div>\n\t\t\t\t\t\t<\/div>\n\t\t\t\t<\/div>\n\t\t\t\t\t\t<\/div>\n\t\t\t\t\t<\/div>\n\t\t<\/div>\n\t\t\t\t\t\t\t\t<\/div>\n\t\t\t\t\t<\/div>\n\t\t<\/section>\n\t\t\t\t<section class=\"elementor-section elementor-top-section elementor-element elementor-element-fbd8780 elementor-section-boxed elementor-section-height-default elementor-section-height-default\" data-id=\"fbd8780\" data-element_type=\"section\">\n\t\t\t\t\t\t<div class=\"elementor-container elementor-column-gap-default\">\n\t\t\t\t\t\t\t<div class=\"elementor-row\">\n\t\t\t\t\t<div class=\"elementor-column elementor-col-100 elementor-top-column elementor-element elementor-element-8d301ba\" data-id=\"8d301ba\" data-element_type=\"column\">\n\t\t\t<div class=\"elementor-column-wrap elementor-element-populated\">\n\t\t\t\t\t\t\t<div class=\"elementor-widget-wrap\">\n\t\t\t\t\t\t<div class=\"elementor-element elementor-element-1d08f07 elementor-widget elementor-widget-spacer\" data-id=\"1d08f07\" data-element_type=\"widget\" data-widget_type=\"spacer.default\">\n\t\t\t\t<div class=\"elementor-widget-container\">\n\t\t\t\t\t<div class=\"elementor-spacer\">\n\t\t\t<div class=\"elementor-spacer-inner\"><\/div>\n\t\t<\/div>\n\t\t\t\t<\/div>\n\t\t\t\t<\/div>\n\t\t\t\t\t\t<\/div>\n\t\t\t\t\t<\/div>\n\t\t<\/div>\n\t\t\t\t\t\t\t\t<\/div>\n\t\t\t\t\t<\/div>\n\t\t<\/section>\n\t\t\t\t\t\t\t\t\t<\/div>\n\t\t\t<\/div>\n\t\t\t\t\t<\/div>\n\t\t","protected":false},"excerpt":{"rendered":"<p>L&rsquo;Ensemble Vocal R\u00e9sonance recrute L\u2019Ensemble Vocal R\u00e9sonance\u00a0recrute des chanteurs de bon niveau, dans les 4 pupitres, ayant une bonne exp\u00e9rience du chant choral ou de la musique. Dans un esprit convivial, le travail exigeant permet de produire des concerts de qualit\u00e9 5 \u00e0 10 fois par an, a cappella ou avec accompagnement piano ou orchestre.&hellip;<\/p>\n","protected":false},"author":1,"featured_media":917,"parent":0,"menu_order":0,"comment_status":"closed","ping_status":"closed","template":"elementor_header_footer","meta":{"_exactmetrics_skip_tracking":false,"_exactmetrics_sitenote_active":false,"_exactmetrics_sitenote_note":"","_exactmetrics_sitenote_category":0},"yoast_head":"<!-- This site is optimized with the Yoast SEO plugin v17.2.1 - https:\/\/yoast.com\/wordpress\/plugins\/seo\/ -->\n<title>Notre Recrutement choristes - Ensemble Vocal R\u00e9sonance<\/title>\n<meta name=\"description\" content=\"Recrutement - Vous voulez rejoindre notre choeur et vous cherchez des informations pour savoir comment cela se passe ? Alors consultez cette page.\" \/>\n<meta name=\"robots\" content=\"index, follow, max-snippet:-1, max-image-preview:large, max-video-preview:-1\" \/>\n<link rel=\"canonical\" href=\"https:\/\/www.chorale-resonance.org\/index.php\/recrutement\/\" \/>\n<meta property=\"og:locale\" content=\"fr_FR\" \/>\n<meta property=\"og:type\" content=\"article\" \/>\n<meta property=\"og:title\" content=\"Notre Recrutement choristes - Ensemble Vocal R\u00e9sonance\" \/>\n<meta property=\"og:description\" content=\"Recrutement - Vous voulez rejoindre notre choeur et vous cherchez des informations pour savoir comment cela se passe ? Alors consultez cette page.\" \/>\n<meta property=\"og:url\" content=\"https:\/\/www.chorale-resonance.org\/index.php\/recrutement\/\" \/>\n<meta property=\"og:site_name\" content=\"Ensemble Vocal R\u00e9sonance\" \/>\n<meta property=\"article:modified_time\" content=\"2021-10-15T17:04:22+00:00\" \/>\n<meta property=\"og:image\" content=\"https:\/\/www.chorale-resonance.org\/wp-content\/uploads\/2019\/05\/P1370506.JPG.jpg\" \/>\n\t<meta property=\"og:image:width\" content=\"2000\" \/>\n\t<meta property=\"og:image:height\" content=\"1125\" \/>\n<meta name=\"twitter:card\" content=\"summary_large_image\" \/>\n<script type=\"application\/ld+json\" class=\"yoast-schema-graph\">{\"@context\":\"https:\/\/schema.org\",\"@graph\":[{\"@type\":\"WebSite\",\"@id\":\"https:\/\/www.chorale-resonance.org\/#website\",\"url\":\"https:\/\/www.chorale-resonance.org\/\",\"name\":\"Ensemble Vocal R\\u00e9sonance\",\"description\":\"Olivier L\\u00e9geret\",\"potentialAction\":[{\"@type\":\"SearchAction\",\"target\":{\"@type\":\"EntryPoint\",\"urlTemplate\":\"https:\/\/www.chorale-resonance.org\/?s={search_term_string}\"},\"query-input\":\"required name=search_term_string\"}],\"inLanguage\":\"fr-FR\"},{\"@type\":\"ImageObject\",\"@id\":\"https:\/\/www.chorale-resonance.org\/index.php\/recrutement\/#primaryimage\",\"inLanguage\":\"fr-FR\",\"url\":\"https:\/\/www.chorale-resonance.org\/wp-content\/uploads\/2019\/05\/P1370506.JPG.jpg\",\"contentUrl\":\"https:\/\/www.chorale-resonance.org\/wp-content\/uploads\/2019\/05\/P1370506.JPG.jpg\",\"width\":2000,\"height\":1125,\"caption\":\"recrutement ensemble vocal r\\u00e9sonance\"},{\"@type\":\"WebPage\",\"@id\":\"https:\/\/www.chorale-resonance.org\/index.php\/recrutement\/#webpage\",\"url\":\"https:\/\/www.chorale-resonance.org\/index.php\/recrutement\/\",\"name\":\"Notre Recrutement choristes - Ensemble Vocal R\\u00e9sonance\",\"isPartOf\":{\"@id\":\"https:\/\/www.chorale-resonance.org\/#website\"},\"primaryImageOfPage\":{\"@id\":\"https:\/\/www.chorale-resonance.org\/index.php\/recrutement\/#primaryimage\"},\"datePublished\":\"2019-02-27T20:46:00+00:00\",\"dateModified\":\"2021-10-15T17:04:22+00:00\",\"description\":\"Recrutement - Vous voulez rejoindre notre choeur et vous cherchez des informations pour savoir comment cela se passe ? Alors consultez cette page.\",\"breadcrumb\":{\"@id\":\"https:\/\/www.chorale-resonance.org\/index.php\/recrutement\/#breadcrumb\"},\"inLanguage\":\"fr-FR\",\"potentialAction\":[{\"@type\":\"ReadAction\",\"target\":[\"https:\/\/www.chorale-resonance.org\/index.php\/recrutement\/\"]}]},{\"@type\":\"BreadcrumbList\",\"@id\":\"https:\/\/www.chorale-resonance.org\/index.php\/recrutement\/#breadcrumb\",\"itemListElement\":[{\"@type\":\"ListItem\",\"position\":1,\"name\":\"Accueil\",\"item\":\"https:\/\/www.chorale-resonance.org\/\"},{\"@type\":\"ListItem\",\"position\":2,\"name\":\"Recrutement\"}]}]}<\/script>\n<!-- \/ Yoast SEO plugin. -->","yoast_head_json":{"title":"Notre Recrutement choristes - Ensemble Vocal R\u00e9sonance","description":"Recrutement - Vous voulez rejoindre notre choeur et vous cherchez des informations pour savoir comment cela se passe ? Alors consultez cette page.","robots":{"index":"index","follow":"follow","max-snippet":"max-snippet:-1","max-image-preview":"max-image-preview:large","max-video-preview":"max-video-preview:-1"},"canonical":"https:\/\/www.chorale-resonance.org\/index.php\/recrutement\/","og_locale":"fr_FR","og_type":"article","og_title":"Notre Recrutement choristes - Ensemble Vocal R\u00e9sonance","og_description":"Recrutement - Vous voulez rejoindre notre choeur et vous cherchez des informations pour savoir comment cela se passe ? Alors consultez cette page.","og_url":"https:\/\/www.chorale-resonance.org\/index.php\/recrutement\/","og_site_name":"Ensemble Vocal R\u00e9sonance","article_modified_time":"2021-10-15T17:04:22+00:00","og_image":[{"width":2000,"height":1125,"url":"https:\/\/www.chorale-resonance.org\/wp-content\/uploads\/2019\/05\/P1370506.JPG.jpg","path":"\/home\/choraler\/ensembelvocal\/wp-content\/uploads\/2019\/05\/P1370506.JPG.jpg","size":"full","id":917,"alt":"recrutement ensemble vocal r\u00e9sonance","pixels":2250000,"type":"image\/jpeg"}],"twitter_card":"summary_large_image","schema":{"@context":"https:\/\/schema.org","@graph":[{"@type":"WebSite","@id":"https:\/\/www.chorale-resonance.org\/#website","url":"https:\/\/www.chorale-resonance.org\/","name":"Ensemble Vocal R\u00e9sonance","description":"Olivier L\u00e9geret","potentialAction":[{"@type":"SearchAction","target":{"@type":"EntryPoint","urlTemplate":"https:\/\/www.chorale-resonance.org\/?s={search_term_string}"},"query-input":"required name=search_term_string"}],"inLanguage":"fr-FR"},{"@type":"ImageObject","@id":"https:\/\/www.chorale-resonance.org\/index.php\/recrutement\/#primaryimage","inLanguage":"fr-FR","url":"https:\/\/www.chorale-resonance.org\/wp-content\/uploads\/2019\/05\/P1370506.JPG.jpg","contentUrl":"https:\/\/www.chorale-resonance.org\/wp-content\/uploads\/2019\/05\/P1370506.JPG.jpg","width":2000,"height":1125,"caption":"recrutement ensemble vocal r\u00e9sonance"},{"@type":"WebPage","@id":"https:\/\/www.chorale-resonance.org\/index.php\/recrutement\/#webpage","url":"https:\/\/www.chorale-resonance.org\/index.php\/recrutement\/","name":"Notre Recrutement choristes - Ensemble Vocal R\u00e9sonance","isPartOf":{"@id":"https:\/\/www.chorale-resonance.org\/#website"},"primaryImageOfPage":{"@id":"https:\/\/www.chorale-resonance.org\/index.php\/recrutement\/#primaryimage"},"datePublished":"2019-02-27T20:46:00+00:00","dateModified":"2021-10-15T17:04:22+00:00","description":"Recrutement - Vous voulez rejoindre notre choeur et vous cherchez des informations pour savoir comment cela se passe ? Alors consultez cette page.","breadcrumb":{"@id":"https:\/\/www.chorale-resonance.org\/index.php\/recrutement\/#breadcrumb"},"inLanguage":"fr-FR","potentialAction":[{"@type":"ReadAction","target":["https:\/\/www.chorale-resonance.org\/index.php\/recrutement\/"]}]},{"@type":"BreadcrumbList","@id":"https:\/\/www.chorale-resonance.org\/index.php\/recrutement\/#breadcrumb","itemListElement":[{"@type":"ListItem","position":1,"name":"Accueil","item":"https:\/\/www.chorale-resonance.org\/"},{"@type":"ListItem","position":2,"name":"Recrutement"}]}]}},"_links":{"self":[{"href":"https:\/\/www.chorale-resonance.org\/index.php\/wp-json\/wp\/v2\/pages\/53"}],"collection":[{"href":"https:\/\/www.chorale-resonance.org\/index.php\/wp-json\/wp\/v2\/pages"}],"about":[{"href":"https:\/\/www.chorale-resonance.org\/index.php\/wp-json\/wp\/v2\/types\/page"}],"author":[{"embeddable":true,"href":"https:\/\/www.chorale-resonance.org\/index.php\/wp-json\/wp\/v2\/users\/1"}],"replies":[{"embeddable":true,"href":"https:\/\/www.chorale-resonance.org\/index.php\/wp-json\/wp\/v2\/comments?post=53"}],"version-history":[{"count":38,"href":"https:\/\/www.chorale-resonance.org\/index.php\/wp-json\/wp\/v2\/pages\/53\/revisions"}],"predecessor-version":[{"id":1261,"href":"https:\/\/www.chorale-resonance.org\/index.php\/wp-json\/wp\/v2\/pages\/53\/revisions\/1261"}],"wp:featuredmedia":[{"embeddable":true,"href":"https:\/\/www.chorale-resonance.org\/index.php\/wp-json\/wp\/v2\/media\/917"}],"wp:attachment":[{"href":"https:\/\/www.chorale-resonance.org\/index.php\/wp-json\/wp\/v2\/media?parent=53"}],"curies":[{"name":"wp","href":"https:\/\/api.w.org\/{rel}","templated":true}]}}