{"id":73,"date":"2019-02-27T23:03:31","date_gmt":"2019-02-27T22:03:31","guid":{"rendered":"http:\/\/www.ensemblevocal.chorale-resonance.org\/?page_id=73"},"modified":"2023-12-13T19:11:05","modified_gmt":"2023-12-13T18:11:05","slug":"ensemble-vocal-resonance","status":"publish","type":"page","link":"https:\/\/www.chorale-resonance.org\/index.php\/resonance\/ensemble-vocal-resonance\/","title":{"rendered":"Pr\u00e9sentation"},"content":{"rendered":"\t\t<div data-elementor-type=\"wp-post\" data-elementor-id=\"73\" class=\"elementor elementor-73\">\n\t\t\t\t\t\t<div class=\"elementor-inner\">\n\t\t\t\t<div class=\"elementor-section-wrap\">\n\t\t\t\t\t\t\t\t\t<section class=\"elementor-section elementor-top-section elementor-element elementor-element-13c4e4ce elementor-section-items-top elementor-section-height-min-height elementor-section-full_width elementor-section-content-middle elementor-section-height-default\" data-id=\"13c4e4ce\" data-element_type=\"section\" data-settings=\"{&quot;background_background&quot;:&quot;classic&quot;}\">\n\t\t\t\t\t\t\t<div class=\"elementor-background-overlay\"><\/div>\n\t\t\t\t\t\t\t<div class=\"elementor-container elementor-column-gap-no\">\n\t\t\t\t\t\t\t<div class=\"elementor-row\">\n\t\t\t\t\t<div class=\"elementor-column elementor-col-100 elementor-top-column elementor-element elementor-element-ea89689\" data-id=\"ea89689\" data-element_type=\"column\">\n\t\t\t<div class=\"elementor-column-wrap elementor-element-populated\">\n\t\t\t\t\t\t\t<div class=\"elementor-widget-wrap\">\n\t\t\t\t\t\t<div class=\"elementor-element elementor-element-7ba7130e elementor-widget elementor-widget-heading\" data-id=\"7ba7130e\" data-element_type=\"widget\" data-widget_type=\"heading.default\">\n\t\t\t\t<div class=\"elementor-widget-container\">\n\t\t\t<h1 class=\"elementor-heading-title elementor-size-large\">Ensemble Vocal R\u00e9sonance<\/h1>\t\t<\/div>\n\t\t\t\t<\/div>\n\t\t\t\t\t\t<\/div>\n\t\t\t\t\t<\/div>\n\t\t<\/div>\n\t\t\t\t\t\t\t\t<\/div>\n\t\t\t\t\t<\/div>\n\t\t<\/section>\n\t\t\t\t<section class=\"elementor-section elementor-top-section elementor-element elementor-element-6eca19f elementor-section-boxed elementor-section-height-default elementor-section-height-default\" data-id=\"6eca19f\" data-element_type=\"section\">\n\t\t\t\t\t\t<div class=\"elementor-container elementor-column-gap-default\">\n\t\t\t\t\t\t\t<div class=\"elementor-row\">\n\t\t\t\t\t<div class=\"elementor-column elementor-col-100 elementor-top-column elementor-element elementor-element-d988f62\" data-id=\"d988f62\" data-element_type=\"column\">\n\t\t\t<div class=\"elementor-column-wrap elementor-element-populated\">\n\t\t\t\t\t\t\t<div class=\"elementor-widget-wrap\">\n\t\t\t\t\t\t<div class=\"elementor-element elementor-element-fd0eaac elementor-widget elementor-widget-text-editor\" data-id=\"fd0eaac\" data-element_type=\"widget\" data-widget_type=\"text-editor.default\">\n\t\t\t\t<div class=\"elementor-widget-container\">\n\t\t\t\t\t\t\t\t<div class=\"elementor-text-editor elementor-clearfix\">\n\t\t\t\t<p>L&rsquo;Ensemble Vocal R\u00e9sonance est compos\u00e9 d&rsquo;une vingtaine de chanteurs amateurs de tr\u00e8s bon niveau, recrut\u00e9s sur audition. Il aborde un large r\u00e9pertoire vocal, de la Renaissance \u00e0 la p\u00e9riode contemporaine, a cappella ou avec accompagnement. Il est dirig\u00e9 depuis 2013 par Olivier L\u00e9geret. <span class=\"Apple-converted-space\">\u00a0<\/span><\/p>\t\t\t\t\t<\/div>\n\t\t\t\t\t\t<\/div>\n\t\t\t\t<\/div>\n\t\t\t\t\t\t<\/div>\n\t\t\t\t\t<\/div>\n\t\t<\/div>\n\t\t\t\t\t\t\t\t<\/div>\n\t\t\t\t\t<\/div>\n\t\t<\/section>\n\t\t\t\t<section class=\"elementor-section elementor-top-section elementor-element elementor-element-c1323a1 elementor-section-boxed elementor-section-height-default elementor-section-height-default\" data-id=\"c1323a1\" data-element_type=\"section\">\n\t\t\t\t\t\t<div class=\"elementor-container elementor-column-gap-default\">\n\t\t\t\t\t\t\t<div class=\"elementor-row\">\n\t\t\t\t\t<div class=\"elementor-column elementor-col-100 elementor-top-column elementor-element elementor-element-50b9f25\" data-id=\"50b9f25\" data-element_type=\"column\">\n\t\t\t<div class=\"elementor-column-wrap elementor-element-populated\">\n\t\t\t\t\t\t\t<div class=\"elementor-widget-wrap\">\n\t\t\t\t\t\t<div class=\"elementor-element elementor-element-215c056 elementor-widget elementor-widget-image\" data-id=\"215c056\" data-element_type=\"widget\" data-widget_type=\"image.default\">\n\t\t\t\t<div class=\"elementor-widget-container\">\n\t\t\t\t\t\t\t\t<div class=\"elementor-image\">\n\t\t\t\t\t\t\t\t\t\t\t\t<img src=\"https:\/\/www.chorale-resonance.org\/wp-content\/uploads\/elementor\/thumbs\/JPM_3610-2-scaled-pm5amb0iey2ozie17la5ebv1f491tqhjohirqv9qde.jpeg\" title=\"JPM_3610 2\" alt=\"JPM_3610 2\" \/>\t\t\t\t\t\t\t\t\t\t\t\t\t\t<\/div>\n\t\t\t\t\t\t<\/div>\n\t\t\t\t<\/div>\n\t\t\t\t\t\t<\/div>\n\t\t\t\t\t<\/div>\n\t\t<\/div>\n\t\t\t\t\t\t\t\t<\/div>\n\t\t\t\t\t<\/div>\n\t\t<\/section>\n\t\t\t\t<section class=\"elementor-section elementor-top-section elementor-element elementor-element-5937753 elementor-section-boxed elementor-section-height-default elementor-section-height-default\" data-id=\"5937753\" data-element_type=\"section\">\n\t\t\t\t\t\t<div class=\"elementor-container elementor-column-gap-default\">\n\t\t\t\t\t\t\t<div class=\"elementor-row\">\n\t\t\t\t\t<div class=\"elementor-column elementor-col-100 elementor-top-column elementor-element elementor-element-f87db2f\" data-id=\"f87db2f\" data-element_type=\"column\">\n\t\t\t<div class=\"elementor-column-wrap elementor-element-populated\">\n\t\t\t\t\t\t\t<div class=\"elementor-widget-wrap\">\n\t\t\t\t\t\t<div class=\"elementor-element elementor-element-253231c elementor-widget elementor-widget-text-editor\" data-id=\"253231c\" data-element_type=\"widget\" data-widget_type=\"text-editor.default\">\n\t\t\t\t<div class=\"elementor-widget-container\">\n\t\t\t\t\t\t\t\t<div class=\"elementor-text-editor elementor-clearfix\">\n\t\t\t\t<p>L\u2019Ensemble se retrouve tous les mercredis soir \u00e0 Rennes pour r\u00e9p\u00e9ter, et se produit en concert de 5 \u00e0 10 fois par an. Outre ses concerts propres, il participe \u00e0 des projets musicaux vari\u00e9s. Ainsi, les choristes de R\u00e9sonance ont \u00e9t\u00e9 choisis pour chanter lors de la c\u00e9r\u00e9monie d\u2019inauguration de la LGV en pr\u00e9sence de Mr Emmanuel Macron Pr\u00e9sident de la R\u00e9publique Fran\u00e7aise \u00e0 Rennes en juin 2017. En septembre 2018, l\u2019ensemble baroque Le Banquet C\u00e9leste, dirig\u00e9 par Damien Guillon, convie R\u00e9sonance \u00e0 chanter la Cantate BWV 169 de Bach lors du concert d\u2019ouverture conjointe des Concerts de Midi et de la saison de l\u2019Op\u00e9ra de Rennes.<\/p><p>Acteur important de la vie chorale en Bretagne, L\u2019Ensemble Vocal R\u00e9sonance est un partenaire privil\u00e9gi\u00e9 de l\u2019<a href=\"http:\/\/o-s-b.fr\/\">Orchestre Symphonique de Bretagne<\/a> avec lequel il collabore r\u00e9guli\u00e8rement au sein du Ch\u0153ur Symphonique de Bretagne. Ainsi, il a particip\u00e9 en janvier 2018 aux concerts d\u2019inauguration du nouvel auditorium du Couvent des Jacobins \u00e0 Rennes, avec l\u2019OSB et le BBC National Chorus of Wales sous la direction de Grant Llewellyn. En mars 2019, R\u00e9sonance participait \u00e0 la Cath\u00e9drale de Rennes au concert de l\u2019OSB \u00ab\u00a0A l\u2019unisson\u00a0\u00bb, dirig\u00e9 par le chef \u00e9gyptien Nader Abbassi.<\/p><p>R\u00e9sonance est \u00e9galement amen\u00e9 \u00e0 se produire \u00e0 l\u2019\u00e9tranger, en particulier dans le cadre d\u2019un jumelage avec Die Hanauer Kantorei (Allemagne) et Exeter Festival Chorus (Royaume-Uni), qui a d\u00e9j\u00e0 conduit \u00e0 6 projets musicaux internationaux depuis 2006.<span class=\"Apple-converted-space\">\u00a0<\/span><\/p><p>En 2019, l\u2019Ensemble a r\u00e9alis\u00e9<a href=\"https:\/\/www.chorale-resonance.org\/index.php\/media\/discographie\/\"> un CD<\/a> consacr\u00e9 \u00e0 l\u2019Art vocal de la Renaissance italienne.<\/p>\t\t\t\t\t<\/div>\n\t\t\t\t\t\t<\/div>\n\t\t\t\t<\/div>\n\t\t\t\t\t\t<\/div>\n\t\t\t\t\t<\/div>\n\t\t<\/div>\n\t\t\t\t\t\t\t\t<\/div>\n\t\t\t\t\t<\/div>\n\t\t<\/section>\n\t\t\t\t<section class=\"elementor-section elementor-top-section elementor-element elementor-element-dcdf31b elementor-section-height-min-height elementor-section-content-middle elementor-section-boxed elementor-section-height-default elementor-section-items-middle\" data-id=\"dcdf31b\" data-element_type=\"section\">\n\t\t\t\t\t\t<div class=\"elementor-container elementor-column-gap-narrow\">\n\t\t\t\t\t\t\t<div class=\"elementor-row\">\n\t\t\t\t\t<div class=\"elementor-column elementor-col-33 elementor-top-column elementor-element elementor-element-bd4cf2a\" data-id=\"bd4cf2a\" data-element_type=\"column\">\n\t\t\t<div class=\"elementor-column-wrap elementor-element-populated\">\n\t\t\t\t\t\t\t<div class=\"elementor-widget-wrap\">\n\t\t\t\t\t\t<div class=\"elementor-element elementor-element-2bb32ee elementor-widget elementor-widget-image\" data-id=\"2bb32ee\" data-element_type=\"widget\" data-widget_type=\"image.default\">\n\t\t\t\t<div class=\"elementor-widget-container\">\n\t\t\t\t\t\t\t\t<div class=\"elementor-image\">\n\t\t\t\t\t\t\t\t\t\t\t\t<img width=\"1024\" height=\"682\" src=\"https:\/\/www.chorale-resonance.org\/wp-content\/uploads\/2019\/04\/I1DX6361_2000px-1024x682.jpg\" class=\"attachment-large size-large\" alt=\"ensemble vocal resonance, choriste dos\" loading=\"lazy\" srcset=\"https:\/\/www.chorale-resonance.org\/wp-content\/uploads\/2019\/04\/I1DX6361_2000px-1024x682.jpg 1024w, https:\/\/www.chorale-resonance.org\/wp-content\/uploads\/2019\/04\/I1DX6361_2000px-300x200.jpg 300w, https:\/\/www.chorale-resonance.org\/wp-content\/uploads\/2019\/04\/I1DX6361_2000px-768x512.jpg 768w, https:\/\/www.chorale-resonance.org\/wp-content\/uploads\/2019\/04\/I1DX6361_2000px.jpg 2000w\" sizes=\"(max-width: 1024px) 100vw, 1024px\" \/>\t\t\t\t\t\t\t\t\t\t\t\t\t\t<\/div>\n\t\t\t\t\t\t<\/div>\n\t\t\t\t<\/div>\n\t\t\t\t\t\t<\/div>\n\t\t\t\t\t<\/div>\n\t\t<\/div>\n\t\t\t\t<div class=\"elementor-column elementor-col-33 elementor-top-column elementor-element elementor-element-77cffe0\" data-id=\"77cffe0\" data-element_type=\"column\">\n\t\t\t<div class=\"elementor-column-wrap elementor-element-populated\">\n\t\t\t\t\t\t\t<div class=\"elementor-widget-wrap\">\n\t\t\t\t\t\t<div class=\"elementor-element elementor-element-f72ed66 elementor-widget elementor-widget-image\" data-id=\"f72ed66\" data-element_type=\"widget\" data-widget_type=\"image.default\">\n\t\t\t\t<div class=\"elementor-widget-container\">\n\t\t\t\t\t\t\t\t<div class=\"elementor-image\">\n\t\t\t\t\t\t\t\t\t\t\t\t<img width=\"1024\" height=\"682\" src=\"https:\/\/www.chorale-resonance.org\/wp-content\/uploads\/2019\/04\/I1DX6399_2000px-1024x682.jpg\" class=\"attachment-large size-large\" alt=\"ensemble vocal resonance, partition\" loading=\"lazy\" srcset=\"https:\/\/www.chorale-resonance.org\/wp-content\/uploads\/2019\/04\/I1DX6399_2000px-1024x682.jpg 1024w, https:\/\/www.chorale-resonance.org\/wp-content\/uploads\/2019\/04\/I1DX6399_2000px-300x200.jpg 300w, https:\/\/www.chorale-resonance.org\/wp-content\/uploads\/2019\/04\/I1DX6399_2000px-768x512.jpg 768w, https:\/\/www.chorale-resonance.org\/wp-content\/uploads\/2019\/04\/I1DX6399_2000px.jpg 2000w\" sizes=\"(max-width: 1024px) 100vw, 1024px\" \/>\t\t\t\t\t\t\t\t\t\t\t\t\t\t<\/div>\n\t\t\t\t\t\t<\/div>\n\t\t\t\t<\/div>\n\t\t\t\t\t\t<\/div>\n\t\t\t\t\t<\/div>\n\t\t<\/div>\n\t\t\t\t<div class=\"elementor-column elementor-col-33 elementor-top-column elementor-element elementor-element-0b9b7d9\" data-id=\"0b9b7d9\" data-element_type=\"column\">\n\t\t\t<div class=\"elementor-column-wrap elementor-element-populated\">\n\t\t\t\t\t\t\t<div class=\"elementor-widget-wrap\">\n\t\t\t\t\t\t<div class=\"elementor-element elementor-element-2654d55 elementor-widget elementor-widget-image\" data-id=\"2654d55\" data-element_type=\"widget\" data-widget_type=\"image.default\">\n\t\t\t\t<div class=\"elementor-widget-container\">\n\t\t\t\t\t\t\t\t<div class=\"elementor-image\">\n\t\t\t\t\t\t\t\t\t\t\t\t<img width=\"1024\" height=\"682\" src=\"https:\/\/www.chorale-resonance.org\/wp-content\/uploads\/2019\/04\/I1DX6401_2000px-1024x682.jpg\" class=\"attachment-large size-large\" alt=\"ensemble vocal resonance, choristes\" loading=\"lazy\" srcset=\"https:\/\/www.chorale-resonance.org\/wp-content\/uploads\/2019\/04\/I1DX6401_2000px-1024x682.jpg 1024w, https:\/\/www.chorale-resonance.org\/wp-content\/uploads\/2019\/04\/I1DX6401_2000px-300x200.jpg 300w, https:\/\/www.chorale-resonance.org\/wp-content\/uploads\/2019\/04\/I1DX6401_2000px-768x512.jpg 768w, https:\/\/www.chorale-resonance.org\/wp-content\/uploads\/2019\/04\/I1DX6401_2000px.jpg 2000w\" sizes=\"(max-width: 1024px) 100vw, 1024px\" \/>\t\t\t\t\t\t\t\t\t\t\t\t\t\t<\/div>\n\t\t\t\t\t\t<\/div>\n\t\t\t\t<\/div>\n\t\t\t\t\t\t<\/div>\n\t\t\t\t\t<\/div>\n\t\t<\/div>\n\t\t\t\t\t\t\t\t<\/div>\n\t\t\t\t\t<\/div>\n\t\t<\/section>\n\t\t\t\t<section class=\"elementor-section elementor-top-section elementor-element elementor-element-52c0c13 elementor-section-boxed elementor-section-height-default elementor-section-height-default\" data-id=\"52c0c13\" data-element_type=\"section\">\n\t\t\t\t\t\t<div class=\"elementor-container elementor-column-gap-default\">\n\t\t\t\t\t\t\t<div class=\"elementor-row\">\n\t\t\t\t\t<div class=\"elementor-column elementor-col-100 elementor-top-column elementor-element elementor-element-346bb39\" data-id=\"346bb39\" data-element_type=\"column\">\n\t\t\t<div class=\"elementor-column-wrap elementor-element-populated\">\n\t\t\t\t\t\t\t<div class=\"elementor-widget-wrap\">\n\t\t\t\t\t\t<div class=\"elementor-element elementor-element-a65dc49 elementor-widget elementor-widget-text-editor\" data-id=\"a65dc49\" data-element_type=\"widget\" data-widget_type=\"text-editor.default\">\n\t\t\t\t<div class=\"elementor-widget-container\">\n\t\t\t\t\t\t\t\t<div class=\"elementor-text-editor elementor-clearfix\">\n\t\t\t\t<p>Pr\u00e9c\u00e9dentes directions du ch\u0153ur Ensemble Vocal R\u00e9sonance&nbsp;:<br>&#8211; <strong>1992<\/strong>, cr\u00e9ation et direction du ch\u0153ur&nbsp;\u00e0 Rennes par <em>Laurent Delano\u00eb<\/em> jusqu\u2019en 2008<br>&#8211;&nbsp;<strong>de 2008 \u00e0 2009<\/strong>, Jean-Pierre Brehu<br>&#8211; <strong>de 2009 \u00e0 2010<\/strong>, Jean-Michel No\u00ebl<br>&#8211; <strong>de 2010 \u00e0 2013<\/strong>, Guillaume Rault<\/p>\t\t\t\t\t<\/div>\n\t\t\t\t\t\t<\/div>\n\t\t\t\t<\/div>\n\t\t\t\t\t\t<\/div>\n\t\t\t\t\t<\/div>\n\t\t<\/div>\n\t\t\t\t\t\t\t\t<\/div>\n\t\t\t\t\t<\/div>\n\t\t<\/section>\n\t\t\t\t<section class=\"elementor-section elementor-top-section elementor-element elementor-element-db9fb15 elementor-section-boxed elementor-section-height-default elementor-section-height-default\" data-id=\"db9fb15\" data-element_type=\"section\">\n\t\t\t\t\t\t<div class=\"elementor-container elementor-column-gap-default\">\n\t\t\t\t\t\t\t<div class=\"elementor-row\">\n\t\t\t\t\t<div class=\"elementor-column elementor-col-100 elementor-top-column elementor-element elementor-element-6142858\" data-id=\"6142858\" data-element_type=\"column\">\n\t\t\t<div class=\"elementor-column-wrap elementor-element-populated\">\n\t\t\t\t\t\t\t<div class=\"elementor-widget-wrap\">\n\t\t\t\t\t\t<div class=\"elementor-element elementor-element-ff972d9 elementor-widget elementor-widget-image\" data-id=\"ff972d9\" data-element_type=\"widget\" data-widget_type=\"image.default\">\n\t\t\t\t<div class=\"elementor-widget-container\">\n\t\t\t\t\t\t\t\t<div class=\"elementor-image\">\n\t\t\t\t\t\t\t\t\t\t\t\t<img width=\"255\" height=\"300\" src=\"https:\/\/www.chorale-resonance.org\/wp-content\/uploads\/2019\/02\/logo_resonance_bleu_carre_RVB-255x300.jpg\" class=\"attachment-medium size-medium\" alt=\"logo_resonance_bleu_carr\" loading=\"lazy\" srcset=\"https:\/\/www.chorale-resonance.org\/wp-content\/uploads\/2019\/02\/logo_resonance_bleu_carre_RVB-255x300.jpg 255w, https:\/\/www.chorale-resonance.org\/wp-content\/uploads\/2019\/02\/logo_resonance_bleu_carre_RVB-768x903.jpg 768w, https:\/\/www.chorale-resonance.org\/wp-content\/uploads\/2019\/02\/logo_resonance_bleu_carre_RVB-871x1024.jpg 871w, https:\/\/www.chorale-resonance.org\/wp-content\/uploads\/2019\/02\/logo_resonance_bleu_carre_RVB-750x882.jpg 750w, https:\/\/www.chorale-resonance.org\/wp-content\/uploads\/2019\/02\/logo_resonance_bleu_carre_RVB.jpg 1978w\" sizes=\"(max-width: 255px) 100vw, 255px\" \/>\t\t\t\t\t\t\t\t\t\t\t\t\t\t<\/div>\n\t\t\t\t\t\t<\/div>\n\t\t\t\t<\/div>\n\t\t\t\t\t\t<\/div>\n\t\t\t\t\t<\/div>\n\t\t<\/div>\n\t\t\t\t\t\t\t\t<\/div>\n\t\t\t\t\t<\/div>\n\t\t<\/section>\n\t\t\t\t\t\t\t\t\t<\/div>\n\t\t\t<\/div>\n\t\t\t\t\t<\/div>\n\t\t","protected":false},"excerpt":{"rendered":"<p>Ensemble Vocal R\u00e9sonance L&rsquo;Ensemble Vocal R\u00e9sonance est compos\u00e9 d&rsquo;une vingtaine de chanteurs amateurs de tr\u00e8s bon niveau, recrut\u00e9s sur audition. Il aborde un large r\u00e9pertoire vocal, de la Renaissance \u00e0 la p\u00e9riode contemporaine, a cappella ou avec accompagnement. Il est dirig\u00e9 depuis 2013 par Olivier L\u00e9geret. \u00a0 L\u2019Ensemble se retrouve tous les mercredis soir \u00e0&hellip;<\/p>\n","protected":false},"author":1,"featured_media":6,"parent":183,"menu_order":1,"comment_status":"closed","ping_status":"closed","template":"elementor_header_footer","meta":{"_exactmetrics_skip_tracking":false,"_exactmetrics_sitenote_active":false,"_exactmetrics_sitenote_note":"","_exactmetrics_sitenote_category":0},"yoast_head":"<!-- This site is optimized with the Yoast SEO plugin v17.2.1 - https:\/\/yoast.com\/wordpress\/plugins\/seo\/ -->\n<title>A propos de Pr\u00e9sentation - Ensemble vocal Resonance<\/title>\n<meta name=\"description\" content=\"D\u00e9couvrez l&#039;Ensemble Vocal Resonance \u00e0 travers son histoire, les membres qui la compose. Ainsi que les dates de nos prochains concerts &amp; actualit\u00e9s.\" \/>\n<meta name=\"robots\" content=\"index, follow, max-snippet:-1, max-image-preview:large, max-video-preview:-1\" \/>\n<link rel=\"canonical\" href=\"https:\/\/www.chorale-resonance.org\/index.php\/resonance\/ensemble-vocal-resonance\/\" \/>\n<meta property=\"og:locale\" content=\"fr_FR\" \/>\n<meta property=\"og:type\" content=\"article\" \/>\n<meta property=\"og:title\" content=\"A propos de Pr\u00e9sentation - Ensemble vocal Resonance\" \/>\n<meta property=\"og:description\" content=\"D\u00e9couvrez l&#039;Ensemble Vocal Resonance \u00e0 travers son histoire, les membres qui la compose. Ainsi que les dates de nos prochains concerts &amp; actualit\u00e9s.\" \/>\n<meta property=\"og:url\" content=\"https:\/\/www.chorale-resonance.org\/index.php\/resonance\/ensemble-vocal-resonance\/\" \/>\n<meta property=\"og:site_name\" content=\"Ensemble Vocal R\u00e9sonance\" \/>\n<meta property=\"article:modified_time\" content=\"2023-12-13T18:11:05+00:00\" \/>\n<meta property=\"og:image\" content=\"https:\/\/www.chorale-resonance.org\/wp-content\/uploads\/2019\/02\/logo_resonance_bleu_carre_RVB.jpg\" \/>\n\t<meta property=\"og:image:width\" content=\"1978\" \/>\n\t<meta property=\"og:image:height\" content=\"2326\" \/>\n<meta name=\"twitter:card\" content=\"summary_large_image\" \/>\n<meta name=\"twitter:label1\" content=\"Dur\u00e9e de lecture estim\u00e9e\" \/>\n\t<meta name=\"twitter:data1\" content=\"3 minutes\" \/>\n<script type=\"application\/ld+json\" class=\"yoast-schema-graph\">{\"@context\":\"https:\/\/schema.org\",\"@graph\":[{\"@type\":\"WebSite\",\"@id\":\"https:\/\/www.chorale-resonance.org\/#website\",\"url\":\"https:\/\/www.chorale-resonance.org\/\",\"name\":\"Ensemble Vocal R\\u00e9sonance\",\"description\":\"Olivier L\\u00e9geret\",\"potentialAction\":[{\"@type\":\"SearchAction\",\"target\":{\"@type\":\"EntryPoint\",\"urlTemplate\":\"https:\/\/www.chorale-resonance.org\/?s={search_term_string}\"},\"query-input\":\"required name=search_term_string\"}],\"inLanguage\":\"fr-FR\"},{\"@type\":\"ImageObject\",\"@id\":\"https:\/\/www.chorale-resonance.org\/index.php\/resonance\/ensemble-vocal-resonance\/#primaryimage\",\"inLanguage\":\"fr-FR\",\"url\":\"https:\/\/www.chorale-resonance.org\/wp-content\/uploads\/2019\/02\/logo_resonance_bleu_carre_RVB.jpg\",\"contentUrl\":\"https:\/\/www.chorale-resonance.org\/wp-content\/uploads\/2019\/02\/logo_resonance_bleu_carre_RVB.jpg\",\"width\":1978,\"height\":2326,\"caption\":\"logo_resonance_bleu_carr\"},{\"@type\":\"WebPage\",\"@id\":\"https:\/\/www.chorale-resonance.org\/index.php\/resonance\/ensemble-vocal-resonance\/#webpage\",\"url\":\"https:\/\/www.chorale-resonance.org\/index.php\/resonance\/ensemble-vocal-resonance\/\",\"name\":\"A propos de Pr\\u00e9sentation - Ensemble vocal Resonance\",\"isPartOf\":{\"@id\":\"https:\/\/www.chorale-resonance.org\/#website\"},\"primaryImageOfPage\":{\"@id\":\"https:\/\/www.chorale-resonance.org\/index.php\/resonance\/ensemble-vocal-resonance\/#primaryimage\"},\"datePublished\":\"2019-02-27T22:03:31+00:00\",\"dateModified\":\"2023-12-13T18:11:05+00:00\",\"description\":\"D\\u00e9couvrez l'Ensemble Vocal Resonance \\u00e0 travers son histoire, les membres qui la compose. Ainsi que les dates de nos prochains concerts & actualit\\u00e9s.\",\"breadcrumb\":{\"@id\":\"https:\/\/www.chorale-resonance.org\/index.php\/resonance\/ensemble-vocal-resonance\/#breadcrumb\"},\"inLanguage\":\"fr-FR\",\"potentialAction\":[{\"@type\":\"ReadAction\",\"target\":[\"https:\/\/www.chorale-resonance.org\/index.php\/resonance\/ensemble-vocal-resonance\/\"]}]},{\"@type\":\"BreadcrumbList\",\"@id\":\"https:\/\/www.chorale-resonance.org\/index.php\/resonance\/ensemble-vocal-resonance\/#breadcrumb\",\"itemListElement\":[{\"@type\":\"ListItem\",\"position\":1,\"name\":\"Accueil\",\"item\":\"https:\/\/www.chorale-resonance.org\/\"},{\"@type\":\"ListItem\",\"position\":2,\"name\":\"R\\u00e9sonance\",\"item\":\"https:\/\/www.chorale-resonance.org\/index.php\/resonance\/\"},{\"@type\":\"ListItem\",\"position\":3,\"name\":\"Pr\\u00e9sentation\"}]}]}<\/script>\n<!-- \/ Yoast SEO plugin. -->","yoast_head_json":{"title":"A propos de Pr\u00e9sentation - Ensemble vocal Resonance","description":"D\u00e9couvrez l'Ensemble Vocal Resonance \u00e0 travers son histoire, les membres qui la compose. Ainsi que les dates de nos prochains concerts & actualit\u00e9s.","robots":{"index":"index","follow":"follow","max-snippet":"max-snippet:-1","max-image-preview":"max-image-preview:large","max-video-preview":"max-video-preview:-1"},"canonical":"https:\/\/www.chorale-resonance.org\/index.php\/resonance\/ensemble-vocal-resonance\/","og_locale":"fr_FR","og_type":"article","og_title":"A propos de Pr\u00e9sentation - Ensemble vocal Resonance","og_description":"D\u00e9couvrez l'Ensemble Vocal Resonance \u00e0 travers son histoire, les membres qui la compose. Ainsi que les dates de nos prochains concerts & actualit\u00e9s.","og_url":"https:\/\/www.chorale-resonance.org\/index.php\/resonance\/ensemble-vocal-resonance\/","og_site_name":"Ensemble Vocal R\u00e9sonance","article_modified_time":"2023-12-13T18:11:05+00:00","og_image":[{"width":1978,"height":2326,"url":"https:\/\/www.chorale-resonance.org\/wp-content\/uploads\/2019\/02\/logo_resonance_bleu_carre_RVB.jpg","path":"\/home\/choraler\/ensembelvocal\/wp-content\/uploads\/2019\/02\/logo_resonance_bleu_carre_RVB.jpg","size":"full","id":6,"alt":"logo_resonance_bleu_carr","pixels":4600828,"type":"image\/jpeg"}],"twitter_card":"summary_large_image","twitter_misc":{"Dur\u00e9e de lecture estim\u00e9e":"3 minutes"},"schema":{"@context":"https:\/\/schema.org","@graph":[{"@type":"WebSite","@id":"https:\/\/www.chorale-resonance.org\/#website","url":"https:\/\/www.chorale-resonance.org\/","name":"Ensemble Vocal R\u00e9sonance","description":"Olivier L\u00e9geret","potentialAction":[{"@type":"SearchAction","target":{"@type":"EntryPoint","urlTemplate":"https:\/\/www.chorale-resonance.org\/?s={search_term_string}"},"query-input":"required name=search_term_string"}],"inLanguage":"fr-FR"},{"@type":"ImageObject","@id":"https:\/\/www.chorale-resonance.org\/index.php\/resonance\/ensemble-vocal-resonance\/#primaryimage","inLanguage":"fr-FR","url":"https:\/\/www.chorale-resonance.org\/wp-content\/uploads\/2019\/02\/logo_resonance_bleu_carre_RVB.jpg","contentUrl":"https:\/\/www.chorale-resonance.org\/wp-content\/uploads\/2019\/02\/logo_resonance_bleu_carre_RVB.jpg","width":1978,"height":2326,"caption":"logo_resonance_bleu_carr"},{"@type":"WebPage","@id":"https:\/\/www.chorale-resonance.org\/index.php\/resonance\/ensemble-vocal-resonance\/#webpage","url":"https:\/\/www.chorale-resonance.org\/index.php\/resonance\/ensemble-vocal-resonance\/","name":"A propos de Pr\u00e9sentation - Ensemble vocal Resonance","isPartOf":{"@id":"https:\/\/www.chorale-resonance.org\/#website"},"primaryImageOfPage":{"@id":"https:\/\/www.chorale-resonance.org\/index.php\/resonance\/ensemble-vocal-resonance\/#primaryimage"},"datePublished":"2019-02-27T22:03:31+00:00","dateModified":"2023-12-13T18:11:05+00:00","description":"D\u00e9couvrez l'Ensemble Vocal Resonance \u00e0 travers son histoire, les membres qui la compose. Ainsi que les dates de nos prochains concerts & actualit\u00e9s.","breadcrumb":{"@id":"https:\/\/www.chorale-resonance.org\/index.php\/resonance\/ensemble-vocal-resonance\/#breadcrumb"},"inLanguage":"fr-FR","potentialAction":[{"@type":"ReadAction","target":["https:\/\/www.chorale-resonance.org\/index.php\/resonance\/ensemble-vocal-resonance\/"]}]},{"@type":"BreadcrumbList","@id":"https:\/\/www.chorale-resonance.org\/index.php\/resonance\/ensemble-vocal-resonance\/#breadcrumb","itemListElement":[{"@type":"ListItem","position":1,"name":"Accueil","item":"https:\/\/www.chorale-resonance.org\/"},{"@type":"ListItem","position":2,"name":"R\u00e9sonance","item":"https:\/\/www.chorale-resonance.org\/index.php\/resonance\/"},{"@type":"ListItem","position":3,"name":"Pr\u00e9sentation"}]}]}},"_links":{"self":[{"href":"https:\/\/www.chorale-resonance.org\/index.php\/wp-json\/wp\/v2\/pages\/73"}],"collection":[{"href":"https:\/\/www.chorale-resonance.org\/index.php\/wp-json\/wp\/v2\/pages"}],"about":[{"href":"https:\/\/www.chorale-resonance.org\/index.php\/wp-json\/wp\/v2\/types\/page"}],"author":[{"embeddable":true,"href":"https:\/\/www.chorale-resonance.org\/index.php\/wp-json\/wp\/v2\/users\/1"}],"replies":[{"embeddable":true,"href":"https:\/\/www.chorale-resonance.org\/index.php\/wp-json\/wp\/v2\/comments?post=73"}],"version-history":[{"count":69,"href":"https:\/\/www.chorale-resonance.org\/index.php\/wp-json\/wp\/v2\/pages\/73\/revisions"}],"predecessor-version":[{"id":1826,"href":"https:\/\/www.chorale-resonance.org\/index.php\/wp-json\/wp\/v2\/pages\/73\/revisions\/1826"}],"up":[{"embeddable":true,"href":"https:\/\/www.chorale-resonance.org\/index.php\/wp-json\/wp\/v2\/pages\/183"}],"wp:featuredmedia":[{"embeddable":true,"href":"https:\/\/www.chorale-resonance.org\/index.php\/wp-json\/wp\/v2\/media\/6"}],"wp:attachment":[{"href":"https:\/\/www.chorale-resonance.org\/index.php\/wp-json\/wp\/v2\/media?parent=73"}],"curies":[{"name":"wp","href":"https:\/\/api.w.org\/{rel}","templated":true}]}}