{"id":80,"date":"2019-02-27T23:29:39","date_gmt":"2019-02-27T22:29:39","guid":{"rendered":"http:\/\/www.ensemblevocal.chorale-resonance.org\/?page_id=80"},"modified":"2021-10-15T18:57:49","modified_gmt":"2021-10-15T16:57:49","slug":"le-chef-de-choeur","status":"publish","type":"page","link":"https:\/\/www.chorale-resonance.org\/index.php\/resonance\/le-chef-de-choeur\/","title":{"rendered":"Le chef de choeur"},"content":{"rendered":"\t\t<div data-elementor-type=\"wp-post\" data-elementor-id=\"80\" class=\"elementor elementor-80\">\n\t\t\t\t\t\t<div class=\"elementor-inner\">\n\t\t\t\t<div class=\"elementor-section-wrap\">\n\t\t\t\t\t\t\t\t\t<section class=\"elementor-section elementor-top-section elementor-element elementor-element-f73987d elementor-section-boxed elementor-section-height-default elementor-section-height-default\" data-id=\"f73987d\" data-element_type=\"section\">\n\t\t\t\t\t\t<div class=\"elementor-container elementor-column-gap-default\">\n\t\t\t\t\t\t\t<div class=\"elementor-row\">\n\t\t\t\t\t<div class=\"elementor-column elementor-col-100 elementor-top-column elementor-element elementor-element-fdb3a4d\" data-id=\"fdb3a4d\" data-element_type=\"column\">\n\t\t\t<div class=\"elementor-column-wrap elementor-element-populated\">\n\t\t\t\t\t\t\t<div class=\"elementor-widget-wrap\">\n\t\t\t\t\t\t<div class=\"elementor-element elementor-element-993b578 elementor-widget elementor-widget-heading\" data-id=\"993b578\" data-element_type=\"widget\" data-widget_type=\"heading.default\">\n\t\t\t\t<div class=\"elementor-widget-container\">\n\t\t\t<h2 class=\"elementor-heading-title elementor-size-default\">Le chef de choeur<\/h2>\t\t<\/div>\n\t\t\t\t<\/div>\n\t\t\t\t<div class=\"elementor-element elementor-element-16ed384 elementor-widget elementor-widget-heading\" data-id=\"16ed384\" data-element_type=\"widget\" data-widget_type=\"heading.default\">\n\t\t\t\t<div class=\"elementor-widget-container\">\n\t\t\t<h2 class=\"elementor-heading-title elementor-size-default\">Olivier L\u00e9geret<\/h2>\t\t<\/div>\n\t\t\t\t<\/div>\n\t\t\t\t\t\t<\/div>\n\t\t\t\t\t<\/div>\n\t\t<\/div>\n\t\t\t\t\t\t\t\t<\/div>\n\t\t\t\t\t<\/div>\n\t\t<\/section>\n\t\t\t\t<section class=\"elementor-section elementor-top-section elementor-element elementor-element-5f512939 elementor-section-full_width elementor-section-content-middle elementor-section-height-default elementor-section-height-default\" data-id=\"5f512939\" data-element_type=\"section\">\n\t\t\t\t\t\t<div class=\"elementor-container elementor-column-gap-no\">\n\t\t\t\t\t\t\t<div class=\"elementor-row\">\n\t\t\t\t\t<div class=\"elementor-column elementor-col-66 elementor-top-column elementor-element elementor-element-86c4cf1\" data-id=\"86c4cf1\" data-element_type=\"column\" data-settings=\"{&quot;background_background&quot;:&quot;classic&quot;}\">\n\t\t\t<div class=\"elementor-column-wrap elementor-element-populated\">\n\t\t\t\t\t\t\t<div class=\"elementor-widget-wrap\">\n\t\t\t\t\t\t<div class=\"elementor-element elementor-element-f6a4f0c elementor-widget elementor-widget-text-editor\" data-id=\"f6a4f0c\" data-element_type=\"widget\" data-widget_type=\"text-editor.default\">\n\t\t\t\t<div class=\"elementor-widget-container\">\n\t\t\t\t\t\t\t\t<div class=\"elementor-text-editor elementor-clearfix\">\n\t\t\t\t<p>Violoniste et chef d\u2019orchestre, c\u2019est aupr\u00e8s de personnalit\u00e9s musicales telles que Robert Martignoni, Bertrand De Billy, William Christie et Georges Pr\u00eatre qu\u2019Olivier L\u00e9geret s\u2019est form\u00e9 au r\u00e9pertoire symphonique et lyrique.<\/p><p>Il a par la suite exerc\u00e9 ses activit\u00e9s musicales au sein de diff\u00e9rentes structures de diffusion (<a href=\"http:\/\/www.opera-rennes.com\">Op\u00e9ra de Rennes<\/a>, <a href=\"https:\/\/www.operadeparis.fr\/en\/lopera-de-paris\/theatres-ecole-ateliers\/the-opera-bastille\">Op\u00e9ra national de Paris Bastille<\/a>, <a href=\"https:\/\/www.opera-bordeaux.com\">Op\u00e9ra de Bordeaux<\/a>). Il a fond\u00e9 et dirig\u00e9 l\u2019Orchestre de chambre Capriccio et l\u2019Ensemble Orchestral Musica Gallica, et a assur\u00e9 la direction de l\u2019Orchestre de Valenciennes.<\/p><p>Ayant toujours eu le d\u00e9sir de faire partager sa passion et sa connaissance de la musique, c\u2019est \u00e0 travers des concerts comment\u00e9s qu\u2019il pr\u00e9sente ou qu\u2019il dirige (notamment avec l\u2019Orchestre National de Bretagne et l\u2019Orchestre National de Bordeaux), mais \u00e9galement lors de conf\u00e9rence-concerts (Les Champs-Libres \u00e0 Rennes), qu\u2019il propose de faire d\u00e9couvrir autrement la musique classique. Talent qu\u2019il a \u00e9galement exerc\u00e9 sur les antennes de Radio-France, avec une \u00e9mission hebdomadaire sur France-bleu.<br \/>Olivier L\u00e9geret est par ailleurs responsable de la programmation des concerts de musique de chambre \u00e0 Rennes\u00a0: <a href=\"http:\/\/www.concertsdemidi.com\/\">Les Concerts de Midi<\/a>.<\/p><p>\u00a0<\/p><p><i>Depuis 2013 il est chef de ch\u0153ur de l\u2019Ensemble Vocal R\u00e9sonance.<\/i><\/p>\t\t\t\t\t<\/div>\n\t\t\t\t\t\t<\/div>\n\t\t\t\t<\/div>\n\t\t\t\t\t\t<\/div>\n\t\t\t\t\t<\/div>\n\t\t<\/div>\n\t\t\t\t<div class=\"elementor-column elementor-col-33 elementor-top-column elementor-element elementor-element-58c2524e\" data-id=\"58c2524e\" data-element_type=\"column\">\n\t\t\t<div class=\"elementor-column-wrap elementor-element-populated\">\n\t\t\t\t\t\t\t<div class=\"elementor-widget-wrap\">\n\t\t\t\t\t\t<div class=\"elementor-element elementor-element-d79b46c elementor-widget elementor-widget-image\" data-id=\"d79b46c\" data-element_type=\"widget\" data-widget_type=\"image.default\">\n\t\t\t\t<div class=\"elementor-widget-container\">\n\t\t\t\t\t\t\t\t<div class=\"elementor-image\">\n\t\t\t\t\t\t\t\t\t\t\t\t<img width=\"768\" height=\"1152\" src=\"https:\/\/www.chorale-resonance.org\/wp-content\/uploads\/2019\/04\/I1DX6414_2000px-768x1152.jpg\" class=\"attachment-medium_large size-medium_large\" alt=\"le chef de choeur, ensemble vocal r\u00e9sonance, olivier legeret noir&amp;blanc\" loading=\"lazy\" srcset=\"https:\/\/www.chorale-resonance.org\/wp-content\/uploads\/2019\/04\/I1DX6414_2000px-768x1152.jpg 768w, https:\/\/www.chorale-resonance.org\/wp-content\/uploads\/2019\/04\/I1DX6414_2000px-200x300.jpg 200w, https:\/\/www.chorale-resonance.org\/wp-content\/uploads\/2019\/04\/I1DX6414_2000px-682x1024.jpg 682w, https:\/\/www.chorale-resonance.org\/wp-content\/uploads\/2019\/04\/I1DX6414_2000px.jpg 1333w\" sizes=\"(max-width: 768px) 100vw, 768px\" \/>\t\t\t\t\t\t\t\t\t\t\t\t\t\t<\/div>\n\t\t\t\t\t\t<\/div>\n\t\t\t\t<\/div>\n\t\t\t\t<div class=\"elementor-element elementor-element-f7f3b96 elementor-widget elementor-widget-spacer\" data-id=\"f7f3b96\" data-element_type=\"widget\" data-widget_type=\"spacer.default\">\n\t\t\t\t<div class=\"elementor-widget-container\">\n\t\t\t\t\t<div class=\"elementor-spacer\">\n\t\t\t<div class=\"elementor-spacer-inner\"><\/div>\n\t\t<\/div>\n\t\t\t\t<\/div>\n\t\t\t\t<\/div>\n\t\t\t\t<div class=\"elementor-element elementor-element-3ed8345 elementor-widget elementor-widget-text-editor\" data-id=\"3ed8345\" data-element_type=\"widget\" data-widget_type=\"text-editor.default\">\n\t\t\t\t<div class=\"elementor-widget-container\">\n\t\t\t\t\t\t\t\t<div class=\"elementor-text-editor elementor-clearfix\">\n\t\t\t\t<p>Photographie r\u00e9alis\u00e9e au concert\u00a0<i>dans la chapelle de Chanc\u00e9\u00a0<\/i>de l&rsquo;Ensemble Vocal R\u00e9sonance<\/p>\t\t\t\t\t<\/div>\n\t\t\t\t\t\t<\/div>\n\t\t\t\t<\/div>\n\t\t\t\t\t\t<\/div>\n\t\t\t\t\t<\/div>\n\t\t<\/div>\n\t\t\t\t\t\t\t\t<\/div>\n\t\t\t\t\t<\/div>\n\t\t<\/section>\n\t\t\t\t<section class=\"elementor-section elementor-top-section elementor-element elementor-element-1a5a830 elementor-section-boxed elementor-section-height-default elementor-section-height-default\" data-id=\"1a5a830\" data-element_type=\"section\">\n\t\t\t\t\t\t<div class=\"elementor-container elementor-column-gap-default\">\n\t\t\t\t\t\t\t<div class=\"elementor-row\">\n\t\t\t\t\t<div class=\"elementor-column elementor-col-100 elementor-top-column elementor-element elementor-element-6df11af\" data-id=\"6df11af\" data-element_type=\"column\">\n\t\t\t<div class=\"elementor-column-wrap elementor-element-populated\">\n\t\t\t\t\t\t\t<div class=\"elementor-widget-wrap\">\n\t\t\t\t\t\t<div class=\"elementor-element elementor-element-4af4de5 elementor-widget elementor-widget-spacer\" data-id=\"4af4de5\" data-element_type=\"widget\" data-widget_type=\"spacer.default\">\n\t\t\t\t<div class=\"elementor-widget-container\">\n\t\t\t\t\t<div class=\"elementor-spacer\">\n\t\t\t<div class=\"elementor-spacer-inner\"><\/div>\n\t\t<\/div>\n\t\t\t\t<\/div>\n\t\t\t\t<\/div>\n\t\t\t\t\t\t<\/div>\n\t\t\t\t\t<\/div>\n\t\t<\/div>\n\t\t\t\t\t\t\t\t<\/div>\n\t\t\t\t\t<\/div>\n\t\t<\/section>\n\t\t\t\t\t\t\t\t\t<\/div>\n\t\t\t<\/div>\n\t\t\t\t\t<\/div>\n\t\t","protected":false},"excerpt":{"rendered":"<p>Le chef de choeur Olivier L\u00e9geret Violoniste et chef d\u2019orchestre, c\u2019est aupr\u00e8s de personnalit\u00e9s musicales telles que Robert Martignoni, Bertrand De Billy, William Christie et Georges Pr\u00eatre qu\u2019Olivier L\u00e9geret s\u2019est form\u00e9 au r\u00e9pertoire symphonique et lyrique. Il a par la suite exerc\u00e9 ses activit\u00e9s musicales au sein de diff\u00e9rentes structures de diffusion (Op\u00e9ra de Rennes,&hellip;<\/p>\n","protected":false},"author":1,"featured_media":26,"parent":183,"menu_order":0,"comment_status":"closed","ping_status":"closed","template":"elementor_header_footer","meta":{"_exactmetrics_skip_tracking":false,"_exactmetrics_sitenote_active":false,"_exactmetrics_sitenote_note":"","_exactmetrics_sitenote_category":0},"yoast_head":"<!-- This site is optimized with the Yoast SEO plugin v17.2.1 - https:\/\/yoast.com\/wordpress\/plugins\/seo\/ -->\n<title>Le Chef de Choeur - Chorale Ensemble Vocal R\u00e9sonance.<\/title>\n<meta name=\"description\" content=\"Vous souhaitez en savoir plus sur la personne qui dirige aujourd&#039;hui notre chorale, alors consultez cette page. Notre chef de choeur.\" \/>\n<meta name=\"robots\" content=\"index, follow, max-snippet:-1, max-image-preview:large, max-video-preview:-1\" \/>\n<link rel=\"canonical\" href=\"https:\/\/www.chorale-resonance.org\/index.php\/resonance\/le-chef-de-choeur\/\" \/>\n<meta property=\"og:locale\" content=\"fr_FR\" \/>\n<meta property=\"og:type\" content=\"article\" \/>\n<meta property=\"og:title\" content=\"Le Chef de Choeur - Chorale Ensemble Vocal R\u00e9sonance.\" \/>\n<meta property=\"og:description\" content=\"Vous souhaitez en savoir plus sur la personne qui dirige aujourd&#039;hui notre chorale, alors consultez cette page. Notre chef de choeur.\" \/>\n<meta property=\"og:url\" content=\"https:\/\/www.chorale-resonance.org\/index.php\/resonance\/le-chef-de-choeur\/\" \/>\n<meta property=\"og:site_name\" content=\"Ensemble Vocal R\u00e9sonance\" \/>\n<meta property=\"article:modified_time\" content=\"2021-10-15T16:57:49+00:00\" \/>\n<meta property=\"og:image\" content=\"https:\/\/www.chorale-resonance.org\/wp-content\/uploads\/2019\/02\/vlcsnap-2018-05-11-11h27m34s252-copie-2.png\" \/>\n\t<meta property=\"og:image:width\" content=\"1087\" \/>\n\t<meta property=\"og:image:height\" content=\"1045\" \/>\n<meta name=\"twitter:card\" content=\"summary_large_image\" \/>\n<meta name=\"twitter:label1\" content=\"Dur\u00e9e de lecture estim\u00e9e\" \/>\n\t<meta name=\"twitter:data1\" content=\"1 minute\" \/>\n<script type=\"application\/ld+json\" class=\"yoast-schema-graph\">{\"@context\":\"https:\/\/schema.org\",\"@graph\":[{\"@type\":\"WebSite\",\"@id\":\"https:\/\/www.chorale-resonance.org\/#website\",\"url\":\"https:\/\/www.chorale-resonance.org\/\",\"name\":\"Ensemble Vocal R\\u00e9sonance\",\"description\":\"Olivier L\\u00e9geret\",\"potentialAction\":[{\"@type\":\"SearchAction\",\"target\":{\"@type\":\"EntryPoint\",\"urlTemplate\":\"https:\/\/www.chorale-resonance.org\/?s={search_term_string}\"},\"query-input\":\"required name=search_term_string\"}],\"inLanguage\":\"fr-FR\"},{\"@type\":\"ImageObject\",\"@id\":\"https:\/\/www.chorale-resonance.org\/index.php\/resonance\/le-chef-de-choeur\/#primaryimage\",\"inLanguage\":\"fr-FR\",\"url\":\"https:\/\/www.chorale-resonance.org\/wp-content\/uploads\/2019\/02\/vlcsnap-2018-05-11-11h27m34s252-copie-2.png\",\"contentUrl\":\"https:\/\/www.chorale-resonance.org\/wp-content\/uploads\/2019\/02\/vlcsnap-2018-05-11-11h27m34s252-copie-2.png\",\"width\":1087,\"height\":1045},{\"@type\":\"WebPage\",\"@id\":\"https:\/\/www.chorale-resonance.org\/index.php\/resonance\/le-chef-de-choeur\/#webpage\",\"url\":\"https:\/\/www.chorale-resonance.org\/index.php\/resonance\/le-chef-de-choeur\/\",\"name\":\"Le Chef de Choeur - Chorale Ensemble Vocal R\\u00e9sonance.\",\"isPartOf\":{\"@id\":\"https:\/\/www.chorale-resonance.org\/#website\"},\"primaryImageOfPage\":{\"@id\":\"https:\/\/www.chorale-resonance.org\/index.php\/resonance\/le-chef-de-choeur\/#primaryimage\"},\"datePublished\":\"2019-02-27T22:29:39+00:00\",\"dateModified\":\"2021-10-15T16:57:49+00:00\",\"description\":\"Vous souhaitez en savoir plus sur la personne qui dirige aujourd'hui notre chorale, alors consultez cette page. Notre chef de choeur.\",\"breadcrumb\":{\"@id\":\"https:\/\/www.chorale-resonance.org\/index.php\/resonance\/le-chef-de-choeur\/#breadcrumb\"},\"inLanguage\":\"fr-FR\",\"potentialAction\":[{\"@type\":\"ReadAction\",\"target\":[\"https:\/\/www.chorale-resonance.org\/index.php\/resonance\/le-chef-de-choeur\/\"]}]},{\"@type\":\"BreadcrumbList\",\"@id\":\"https:\/\/www.chorale-resonance.org\/index.php\/resonance\/le-chef-de-choeur\/#breadcrumb\",\"itemListElement\":[{\"@type\":\"ListItem\",\"position\":1,\"name\":\"Accueil\",\"item\":\"https:\/\/www.chorale-resonance.org\/\"},{\"@type\":\"ListItem\",\"position\":2,\"name\":\"R\\u00e9sonance\",\"item\":\"https:\/\/www.chorale-resonance.org\/index.php\/resonance\/\"},{\"@type\":\"ListItem\",\"position\":3,\"name\":\"Le chef de choeur\"}]}]}<\/script>\n<!-- \/ Yoast SEO plugin. -->","yoast_head_json":{"title":"Le Chef de Choeur - Chorale Ensemble Vocal R\u00e9sonance.","description":"Vous souhaitez en savoir plus sur la personne qui dirige aujourd'hui notre chorale, alors consultez cette page. Notre chef de choeur.","robots":{"index":"index","follow":"follow","max-snippet":"max-snippet:-1","max-image-preview":"max-image-preview:large","max-video-preview":"max-video-preview:-1"},"canonical":"https:\/\/www.chorale-resonance.org\/index.php\/resonance\/le-chef-de-choeur\/","og_locale":"fr_FR","og_type":"article","og_title":"Le Chef de Choeur - Chorale Ensemble Vocal R\u00e9sonance.","og_description":"Vous souhaitez en savoir plus sur la personne qui dirige aujourd'hui notre chorale, alors consultez cette page. Notre chef de choeur.","og_url":"https:\/\/www.chorale-resonance.org\/index.php\/resonance\/le-chef-de-choeur\/","og_site_name":"Ensemble Vocal R\u00e9sonance","article_modified_time":"2021-10-15T16:57:49+00:00","og_image":[{"width":1087,"height":1045,"url":"https:\/\/www.chorale-resonance.org\/wp-content\/uploads\/2019\/02\/vlcsnap-2018-05-11-11h27m34s252-copie-2.png","path":"\/home\/choraler\/ensembelvocal\/wp-content\/uploads\/2019\/02\/vlcsnap-2018-05-11-11h27m34s252-copie-2.png","size":"full","id":26,"alt":"","pixels":1135915,"type":"image\/png"}],"twitter_card":"summary_large_image","twitter_misc":{"Dur\u00e9e de lecture estim\u00e9e":"1 minute"},"schema":{"@context":"https:\/\/schema.org","@graph":[{"@type":"WebSite","@id":"https:\/\/www.chorale-resonance.org\/#website","url":"https:\/\/www.chorale-resonance.org\/","name":"Ensemble Vocal R\u00e9sonance","description":"Olivier L\u00e9geret","potentialAction":[{"@type":"SearchAction","target":{"@type":"EntryPoint","urlTemplate":"https:\/\/www.chorale-resonance.org\/?s={search_term_string}"},"query-input":"required name=search_term_string"}],"inLanguage":"fr-FR"},{"@type":"ImageObject","@id":"https:\/\/www.chorale-resonance.org\/index.php\/resonance\/le-chef-de-choeur\/#primaryimage","inLanguage":"fr-FR","url":"https:\/\/www.chorale-resonance.org\/wp-content\/uploads\/2019\/02\/vlcsnap-2018-05-11-11h27m34s252-copie-2.png","contentUrl":"https:\/\/www.chorale-resonance.org\/wp-content\/uploads\/2019\/02\/vlcsnap-2018-05-11-11h27m34s252-copie-2.png","width":1087,"height":1045},{"@type":"WebPage","@id":"https:\/\/www.chorale-resonance.org\/index.php\/resonance\/le-chef-de-choeur\/#webpage","url":"https:\/\/www.chorale-resonance.org\/index.php\/resonance\/le-chef-de-choeur\/","name":"Le Chef de Choeur - Chorale Ensemble Vocal R\u00e9sonance.","isPartOf":{"@id":"https:\/\/www.chorale-resonance.org\/#website"},"primaryImageOfPage":{"@id":"https:\/\/www.chorale-resonance.org\/index.php\/resonance\/le-chef-de-choeur\/#primaryimage"},"datePublished":"2019-02-27T22:29:39+00:00","dateModified":"2021-10-15T16:57:49+00:00","description":"Vous souhaitez en savoir plus sur la personne qui dirige aujourd'hui notre chorale, alors consultez cette page. Notre chef de choeur.","breadcrumb":{"@id":"https:\/\/www.chorale-resonance.org\/index.php\/resonance\/le-chef-de-choeur\/#breadcrumb"},"inLanguage":"fr-FR","potentialAction":[{"@type":"ReadAction","target":["https:\/\/www.chorale-resonance.org\/index.php\/resonance\/le-chef-de-choeur\/"]}]},{"@type":"BreadcrumbList","@id":"https:\/\/www.chorale-resonance.org\/index.php\/resonance\/le-chef-de-choeur\/#breadcrumb","itemListElement":[{"@type":"ListItem","position":1,"name":"Accueil","item":"https:\/\/www.chorale-resonance.org\/"},{"@type":"ListItem","position":2,"name":"R\u00e9sonance","item":"https:\/\/www.chorale-resonance.org\/index.php\/resonance\/"},{"@type":"ListItem","position":3,"name":"Le chef de choeur"}]}]}},"_links":{"self":[{"href":"https:\/\/www.chorale-resonance.org\/index.php\/wp-json\/wp\/v2\/pages\/80"}],"collection":[{"href":"https:\/\/www.chorale-resonance.org\/index.php\/wp-json\/wp\/v2\/pages"}],"about":[{"href":"https:\/\/www.chorale-resonance.org\/index.php\/wp-json\/wp\/v2\/types\/page"}],"author":[{"embeddable":true,"href":"https:\/\/www.chorale-resonance.org\/index.php\/wp-json\/wp\/v2\/users\/1"}],"replies":[{"embeddable":true,"href":"https:\/\/www.chorale-resonance.org\/index.php\/wp-json\/wp\/v2\/comments?post=80"}],"version-history":[{"count":40,"href":"https:\/\/www.chorale-resonance.org\/index.php\/wp-json\/wp\/v2\/pages\/80\/revisions"}],"predecessor-version":[{"id":1250,"href":"https:\/\/www.chorale-resonance.org\/index.php\/wp-json\/wp\/v2\/pages\/80\/revisions\/1250"}],"up":[{"embeddable":true,"href":"https:\/\/www.chorale-resonance.org\/index.php\/wp-json\/wp\/v2\/pages\/183"}],"wp:featuredmedia":[{"embeddable":true,"href":"https:\/\/www.chorale-resonance.org\/index.php\/wp-json\/wp\/v2\/media\/26"}],"wp:attachment":[{"href":"https:\/\/www.chorale-resonance.org\/index.php\/wp-json\/wp\/v2\/media?parent=80"}],"curies":[{"name":"wp","href":"https:\/\/api.w.org\/{rel}","templated":true}]}}