{"id":87,"date":"2019-02-27T23:36:29","date_gmt":"2019-02-27T22:36:29","guid":{"rendered":"http:\/\/www.ensemblevocal.chorale-resonance.org\/?page_id=87"},"modified":"2025-12-31T15:57:39","modified_gmt":"2025-12-31T14:57:39","slug":"programme","status":"publish","type":"page","link":"https:\/\/www.chorale-resonance.org\/index.php\/agenda\/programme\/","title":{"rendered":"Programme"},"content":{"rendered":"\t\t<div data-elementor-type=\"wp-post\" data-elementor-id=\"87\" class=\"elementor elementor-87\">\n\t\t\t\t\t\t<div class=\"elementor-inner\">\n\t\t\t\t<div class=\"elementor-section-wrap\">\n\t\t\t\t\t\t\t\t\t<section class=\"elementor-section elementor-top-section elementor-element elementor-element-729c84bc elementor-section-items-top elementor-section-height-min-height elementor-section-content-middle elementor-section-boxed elementor-section-height-default\" data-id=\"729c84bc\" data-element_type=\"section\" data-settings=\"{&quot;background_background&quot;:&quot;gradient&quot;}\">\n\t\t\t\t\t\t\t<div class=\"elementor-background-overlay\"><\/div>\n\t\t\t\t\t\t\t<div class=\"elementor-container elementor-column-gap-no\">\n\t\t\t\t\t\t\t<div class=\"elementor-row\">\n\t\t\t\t\t<div class=\"elementor-column elementor-col-100 elementor-top-column elementor-element elementor-element-6d7714f5\" data-id=\"6d7714f5\" data-element_type=\"column\">\n\t\t\t<div class=\"elementor-column-wrap elementor-element-populated\">\n\t\t\t\t\t\t\t<div class=\"elementor-widget-wrap\">\n\t\t\t\t\t\t<div class=\"elementor-element elementor-element-29743bef elementor-widget elementor-widget-heading\" data-id=\"29743bef\" data-element_type=\"widget\" data-widget_type=\"heading.default\">\n\t\t\t\t<div class=\"elementor-widget-container\">\n\t\t\t<h2 class=\"elementor-heading-title elementor-size-default\">Notre programme<\/h2>\t\t<\/div>\n\t\t\t\t<\/div>\n\t\t\t\t\t\t<\/div>\n\t\t\t\t\t<\/div>\n\t\t<\/div>\n\t\t\t\t\t\t\t\t<\/div>\n\t\t\t\t\t<\/div>\n\t\t<\/section>\n\t\t\t\t<section class=\"elementor-section elementor-top-section elementor-element elementor-element-f5c2cac elementor-section-boxed elementor-section-height-default elementor-section-height-default\" data-id=\"f5c2cac\" data-element_type=\"section\">\n\t\t\t\t\t\t<div class=\"elementor-container elementor-column-gap-default\">\n\t\t\t\t\t\t\t<div class=\"elementor-row\">\n\t\t\t\t\t<div class=\"elementor-column elementor-col-100 elementor-top-column elementor-element elementor-element-b308754\" data-id=\"b308754\" data-element_type=\"column\">\n\t\t\t<div class=\"elementor-column-wrap elementor-element-populated\">\n\t\t\t\t\t\t\t<div class=\"elementor-widget-wrap\">\n\t\t\t\t\t\t<div class=\"elementor-element elementor-element-abaecfd elementor-widget elementor-widget-spacer\" data-id=\"abaecfd\" data-element_type=\"widget\" data-widget_type=\"spacer.default\">\n\t\t\t\t<div class=\"elementor-widget-container\">\n\t\t\t\t\t<div class=\"elementor-spacer\">\n\t\t\t<div class=\"elementor-spacer-inner\"><\/div>\n\t\t<\/div>\n\t\t\t\t<\/div>\n\t\t\t\t<\/div>\n\t\t\t\t\t\t<\/div>\n\t\t\t\t\t<\/div>\n\t\t<\/div>\n\t\t\t\t\t\t\t\t<\/div>\n\t\t\t\t\t<\/div>\n\t\t<\/section>\n\t\t\t\t<section class=\"elementor-section elementor-top-section elementor-element elementor-element-0dbdcba elementor-section-boxed elementor-section-height-default elementor-section-height-default\" data-id=\"0dbdcba\" data-element_type=\"section\">\n\t\t\t\t\t\t<div class=\"elementor-container elementor-column-gap-default\">\n\t\t\t\t\t\t\t<div class=\"elementor-row\">\n\t\t\t\t\t<div class=\"elementor-column elementor-col-100 elementor-top-column elementor-element elementor-element-f46b615\" data-id=\"f46b615\" data-element_type=\"column\">\n\t\t\t<div class=\"elementor-column-wrap elementor-element-populated\">\n\t\t\t\t\t\t\t<div class=\"elementor-widget-wrap\">\n\t\t\t\t\t\t<div class=\"elementor-element elementor-element-e2194de elementor-widget elementor-widget-text-editor\" data-id=\"e2194de\" data-element_type=\"widget\" data-widget_type=\"text-editor.default\">\n\t\t\t\t<div class=\"elementor-widget-container\">\n\t\t\t\t\t\t\t\t<div class=\"elementor-text-editor elementor-clearfix\">\n\t\t\t\t<h3>La saison 2025-2026 se structure autour de deux programmes :<\/h3>\n<ul>\n<li>Un programme au c\u0153ur de l&rsquo;Europe Centrale et de ses traditions, sur les musiques de Dvo\u0159\u00e1k, Brahms, Bart\u00f3k Jan\u00e1\u010dek et Elgar, avec un premier concert en Janvier 2026.<\/li>\n<li>La reprise de notre programme <b>Immortal Bach<\/b>, variations autour de Johann Sebastian Bach au travers des \u0153uvres Johann Cristoph Bach, Johann Ernst Bach ou encore Georg Philipp Telemann et Felix Mendelssohn, que nous donnerons en juin 2026 \u00e0 Lannion.<\/li>\n<\/ul>\t\t\t\t\t<\/div>\n\t\t\t\t\t\t<\/div>\n\t\t\t\t<\/div>\n\t\t\t\t\t\t<\/div>\n\t\t\t\t\t<\/div>\n\t\t<\/div>\n\t\t\t\t\t\t\t\t<\/div>\n\t\t\t\t\t<\/div>\n\t\t<\/section>\n\t\t\t\t\t\t\t\t\t<\/div>\n\t\t\t<\/div>\n\t\t\t\t\t<\/div>\n\t\t","protected":false},"excerpt":{"rendered":"<p>Notre programme La saison 2025-2026 se structure autour de deux programmes : Un programme au c\u0153ur de l&rsquo;Europe Centrale et de ses traditions, sur les musiques de Dvo\u0159\u00e1k, Brahms, Bart\u00f3k Jan\u00e1\u010dek et Elgar, avec un premier concert en Janvier 2026. La reprise de notre programme Immortal Bach, variations autour de Johann Sebastian Bach au travers&hellip;<\/p>\n","protected":false},"author":1,"featured_media":0,"parent":51,"menu_order":1,"comment_status":"closed","ping_status":"closed","template":"","meta":{"_exactmetrics_skip_tracking":false,"_exactmetrics_sitenote_active":false,"_exactmetrics_sitenote_note":"","_exactmetrics_sitenote_category":0},"yoast_head":"<!-- This site is optimized with the Yoast SEO plugin v17.2.1 - https:\/\/yoast.com\/wordpress\/plugins\/seo\/ -->\n<title>Notre Programme actuel - Ensemble Vocal R\u00e9sonance<\/title>\n<meta name=\"description\" content=\"Notre programme. Vous pouvez retrouver ici toutes les informations sur nos programmes et futurs programmes que nous allons chanter. Bonne lecture.\" \/>\n<meta name=\"robots\" content=\"index, follow, max-snippet:-1, max-image-preview:large, max-video-preview:-1\" \/>\n<link rel=\"canonical\" href=\"https:\/\/www.chorale-resonance.org\/index.php\/agenda\/programme\/\" \/>\n<meta property=\"og:locale\" content=\"fr_FR\" \/>\n<meta property=\"og:type\" content=\"article\" \/>\n<meta property=\"og:title\" content=\"Notre Programme actuel - Ensemble Vocal R\u00e9sonance\" \/>\n<meta property=\"og:description\" content=\"Notre programme. Vous pouvez retrouver ici toutes les informations sur nos programmes et futurs programmes que nous allons chanter. Bonne lecture.\" \/>\n<meta property=\"og:url\" content=\"https:\/\/www.chorale-resonance.org\/index.php\/agenda\/programme\/\" \/>\n<meta property=\"og:site_name\" content=\"Ensemble Vocal R\u00e9sonance\" \/>\n<meta property=\"article:modified_time\" content=\"2025-12-31T14:57:39+00:00\" \/>\n<meta name=\"twitter:card\" content=\"summary_large_image\" \/>\n<meta name=\"twitter:label1\" content=\"Dur\u00e9e de lecture estim\u00e9e\" \/>\n\t<meta name=\"twitter:data1\" content=\"1 minute\" \/>\n<script type=\"application\/ld+json\" class=\"yoast-schema-graph\">{\"@context\":\"https:\/\/schema.org\",\"@graph\":[{\"@type\":\"WebSite\",\"@id\":\"https:\/\/www.chorale-resonance.org\/#website\",\"url\":\"https:\/\/www.chorale-resonance.org\/\",\"name\":\"Ensemble Vocal R\\u00e9sonance\",\"description\":\"Olivier L\\u00e9geret\",\"potentialAction\":[{\"@type\":\"SearchAction\",\"target\":{\"@type\":\"EntryPoint\",\"urlTemplate\":\"https:\/\/www.chorale-resonance.org\/?s={search_term_string}\"},\"query-input\":\"required name=search_term_string\"}],\"inLanguage\":\"fr-FR\"},{\"@type\":\"WebPage\",\"@id\":\"https:\/\/www.chorale-resonance.org\/index.php\/agenda\/programme\/#webpage\",\"url\":\"https:\/\/www.chorale-resonance.org\/index.php\/agenda\/programme\/\",\"name\":\"Notre Programme actuel - Ensemble Vocal R\\u00e9sonance\",\"isPartOf\":{\"@id\":\"https:\/\/www.chorale-resonance.org\/#website\"},\"datePublished\":\"2019-02-27T22:36:29+00:00\",\"dateModified\":\"2025-12-31T14:57:39+00:00\",\"description\":\"Notre programme. Vous pouvez retrouver ici toutes les informations sur nos programmes et futurs programmes que nous allons chanter. Bonne lecture.\",\"breadcrumb\":{\"@id\":\"https:\/\/www.chorale-resonance.org\/index.php\/agenda\/programme\/#breadcrumb\"},\"inLanguage\":\"fr-FR\",\"potentialAction\":[{\"@type\":\"ReadAction\",\"target\":[\"https:\/\/www.chorale-resonance.org\/index.php\/agenda\/programme\/\"]}]},{\"@type\":\"BreadcrumbList\",\"@id\":\"https:\/\/www.chorale-resonance.org\/index.php\/agenda\/programme\/#breadcrumb\",\"itemListElement\":[{\"@type\":\"ListItem\",\"position\":1,\"name\":\"Accueil\",\"item\":\"https:\/\/www.chorale-resonance.org\/\"},{\"@type\":\"ListItem\",\"position\":2,\"name\":\"Ev\\u00e8nements\",\"item\":\"https:\/\/www.chorale-resonance.org\/index.php\/agenda\/\"},{\"@type\":\"ListItem\",\"position\":3,\"name\":\"Programme\"}]}]}<\/script>\n<!-- \/ Yoast SEO plugin. -->","yoast_head_json":{"title":"Notre Programme actuel - Ensemble Vocal R\u00e9sonance","description":"Notre programme. Vous pouvez retrouver ici toutes les informations sur nos programmes et futurs programmes que nous allons chanter. Bonne lecture.","robots":{"index":"index","follow":"follow","max-snippet":"max-snippet:-1","max-image-preview":"max-image-preview:large","max-video-preview":"max-video-preview:-1"},"canonical":"https:\/\/www.chorale-resonance.org\/index.php\/agenda\/programme\/","og_locale":"fr_FR","og_type":"article","og_title":"Notre Programme actuel - Ensemble Vocal R\u00e9sonance","og_description":"Notre programme. Vous pouvez retrouver ici toutes les informations sur nos programmes et futurs programmes que nous allons chanter. Bonne lecture.","og_url":"https:\/\/www.chorale-resonance.org\/index.php\/agenda\/programme\/","og_site_name":"Ensemble Vocal R\u00e9sonance","article_modified_time":"2025-12-31T14:57:39+00:00","twitter_card":"summary_large_image","twitter_misc":{"Dur\u00e9e de lecture estim\u00e9e":"1 minute"},"schema":{"@context":"https:\/\/schema.org","@graph":[{"@type":"WebSite","@id":"https:\/\/www.chorale-resonance.org\/#website","url":"https:\/\/www.chorale-resonance.org\/","name":"Ensemble Vocal R\u00e9sonance","description":"Olivier L\u00e9geret","potentialAction":[{"@type":"SearchAction","target":{"@type":"EntryPoint","urlTemplate":"https:\/\/www.chorale-resonance.org\/?s={search_term_string}"},"query-input":"required name=search_term_string"}],"inLanguage":"fr-FR"},{"@type":"WebPage","@id":"https:\/\/www.chorale-resonance.org\/index.php\/agenda\/programme\/#webpage","url":"https:\/\/www.chorale-resonance.org\/index.php\/agenda\/programme\/","name":"Notre Programme actuel - Ensemble Vocal R\u00e9sonance","isPartOf":{"@id":"https:\/\/www.chorale-resonance.org\/#website"},"datePublished":"2019-02-27T22:36:29+00:00","dateModified":"2025-12-31T14:57:39+00:00","description":"Notre programme. Vous pouvez retrouver ici toutes les informations sur nos programmes et futurs programmes que nous allons chanter. Bonne lecture.","breadcrumb":{"@id":"https:\/\/www.chorale-resonance.org\/index.php\/agenda\/programme\/#breadcrumb"},"inLanguage":"fr-FR","potentialAction":[{"@type":"ReadAction","target":["https:\/\/www.chorale-resonance.org\/index.php\/agenda\/programme\/"]}]},{"@type":"BreadcrumbList","@id":"https:\/\/www.chorale-resonance.org\/index.php\/agenda\/programme\/#breadcrumb","itemListElement":[{"@type":"ListItem","position":1,"name":"Accueil","item":"https:\/\/www.chorale-resonance.org\/"},{"@type":"ListItem","position":2,"name":"Ev\u00e8nements","item":"https:\/\/www.chorale-resonance.org\/index.php\/agenda\/"},{"@type":"ListItem","position":3,"name":"Programme"}]}]}},"_links":{"self":[{"href":"https:\/\/www.chorale-resonance.org\/index.php\/wp-json\/wp\/v2\/pages\/87"}],"collection":[{"href":"https:\/\/www.chorale-resonance.org\/index.php\/wp-json\/wp\/v2\/pages"}],"about":[{"href":"https:\/\/www.chorale-resonance.org\/index.php\/wp-json\/wp\/v2\/types\/page"}],"author":[{"embeddable":true,"href":"https:\/\/www.chorale-resonance.org\/index.php\/wp-json\/wp\/v2\/users\/1"}],"replies":[{"embeddable":true,"href":"https:\/\/www.chorale-resonance.org\/index.php\/wp-json\/wp\/v2\/comments?post=87"}],"version-history":[{"count":106,"href":"https:\/\/www.chorale-resonance.org\/index.php\/wp-json\/wp\/v2\/pages\/87\/revisions"}],"predecessor-version":[{"id":2152,"href":"https:\/\/www.chorale-resonance.org\/index.php\/wp-json\/wp\/v2\/pages\/87\/revisions\/2152"}],"up":[{"embeddable":true,"href":"https:\/\/www.chorale-resonance.org\/index.php\/wp-json\/wp\/v2\/pages\/51"}],"wp:attachment":[{"href":"https:\/\/www.chorale-resonance.org\/index.php\/wp-json\/wp\/v2\/media?parent=87"}],"curies":[{"name":"wp","href":"https:\/\/api.w.org\/{rel}","templated":true}]}}