{"id":91,"date":"2019-02-27T23:39:51","date_gmt":"2019-02-27T22:39:51","guid":{"rendered":"http:\/\/www.ensemblevocal.chorale-resonance.org\/?page_id=91"},"modified":"2021-10-15T18:59:23","modified_gmt":"2021-10-15T16:59:23","slug":"projets","status":"publish","type":"page","link":"https:\/\/www.chorale-resonance.org\/index.php\/agenda\/projets\/","title":{"rendered":"Projets"},"content":{"rendered":"\t\t<div data-elementor-type=\"wp-post\" data-elementor-id=\"91\" class=\"elementor elementor-91\">\n\t\t\t\t\t\t<div class=\"elementor-inner\">\n\t\t\t\t<div class=\"elementor-section-wrap\">\n\t\t\t\t\t\t\t\t\t<section class=\"elementor-section elementor-top-section elementor-element elementor-element-41a70e83 elementor-section-height-full elementor-section-content-middle elementor-section-boxed elementor-section-height-default elementor-section-items-middle\" data-id=\"41a70e83\" data-element_type=\"section\" data-settings=\"{&quot;background_background&quot;:&quot;classic&quot;}\">\n\t\t\t\t\t\t\t<div class=\"elementor-background-overlay\"><\/div>\n\t\t\t\t\t\t\t<div class=\"elementor-container elementor-column-gap-default\">\n\t\t\t\t\t\t\t<div class=\"elementor-row\">\n\t\t\t\t\t<div class=\"elementor-column elementor-col-100 elementor-top-column elementor-element elementor-element-7cec3444\" data-id=\"7cec3444\" data-element_type=\"column\">\n\t\t\t<div class=\"elementor-column-wrap elementor-element-populated\">\n\t\t\t\t\t\t\t<div class=\"elementor-widget-wrap\">\n\t\t\t\t\t\t<div class=\"elementor-element elementor-element-5dead503 elementor-widget elementor-widget-heading\" data-id=\"5dead503\" data-element_type=\"widget\" data-widget_type=\"heading.default\">\n\t\t\t\t<div class=\"elementor-widget-container\">\n\t\t\t<h2 class=\"elementor-heading-title elementor-size-default\">Bient\u00f4t des nouvelles<\/h2>\t\t<\/div>\n\t\t\t\t<\/div>\n\t\t\t\t<div class=\"elementor-element elementor-element-725e037e elementor-widget elementor-widget-text-editor\" data-id=\"725e037e\" data-element_type=\"widget\" data-widget_type=\"text-editor.default\">\n\t\t\t\t<div class=\"elementor-widget-container\">\n\t\t\t\t\t\t\t\t<div class=\"elementor-text-editor elementor-clearfix\">\n\t\t\t\t<p class=\"p1\"><span class=\"JsGRdQ\" style=\"font-family: Montserrat;\">Nous restons en dialogue avec l\u2019Orchestre National de Bretagne et nos partenaires \u00e9trangers pour reconstruire des projets qui n\u2019ont pu se faire durant la p\u00e9riode pand\u00e9mique, avec pour \u0153uvre \u00ab\u00a0l\u2019Homme Arm\u00e9, messe pour la paix\u00a0\u00bb de Karl Jenkins.<\/span><\/p>\t\t\t\t\t<\/div>\n\t\t\t\t\t\t<\/div>\n\t\t\t\t<\/div>\n\t\t\t\t\t\t<\/div>\n\t\t\t\t\t<\/div>\n\t\t<\/div>\n\t\t\t\t\t\t\t\t<\/div>\n\t\t\t\t\t<\/div>\n\t\t<\/section>\n\t\t\t\t\t\t\t\t\t<\/div>\n\t\t\t<\/div>\n\t\t\t\t\t<\/div>\n\t\t","protected":false},"excerpt":{"rendered":"<p>Bient\u00f4t des nouvelles Nous restons en dialogue avec l\u2019Orchestre National de Bretagne et nos partenaires \u00e9trangers pour reconstruire des projets qui n\u2019ont pu se faire durant la p\u00e9riode pand\u00e9mique, avec pour \u0153uvre \u00ab\u00a0l\u2019Homme Arm\u00e9, messe pour la paix\u00a0\u00bb de Karl Jenkins.<\/p>\n","protected":false},"author":1,"featured_media":0,"parent":51,"menu_order":3,"comment_status":"closed","ping_status":"closed","template":"elementor_header_footer","meta":{"_exactmetrics_skip_tracking":false,"_exactmetrics_sitenote_active":false,"_exactmetrics_sitenote_note":"","_exactmetrics_sitenote_category":0},"yoast_head":"<!-- This site is optimized with the Yoast SEO plugin v17.2.1 - https:\/\/yoast.com\/wordpress\/plugins\/seo\/ -->\n<title>Nos Projets en cours &amp; \u00e0 venir - Ensemble Vocal R\u00e9sonance<\/title>\n<meta name=\"description\" content=\"Projet - Cette page vous permet de consulter tous nos projets en cours ou \u00e0 venir. D&#039;y retrouver les informations, les propositions ...\" \/>\n<meta name=\"robots\" content=\"index, follow, max-snippet:-1, max-image-preview:large, max-video-preview:-1\" \/>\n<link rel=\"canonical\" href=\"https:\/\/www.chorale-resonance.org\/index.php\/agenda\/projets\/\" \/>\n<meta property=\"og:locale\" content=\"fr_FR\" \/>\n<meta property=\"og:type\" content=\"article\" \/>\n<meta property=\"og:title\" content=\"Nos Projets en cours &amp; \u00e0 venir - Ensemble Vocal R\u00e9sonance\" \/>\n<meta property=\"og:description\" content=\"Projet - Cette page vous permet de consulter tous nos projets en cours ou \u00e0 venir. D&#039;y retrouver les informations, les propositions ...\" \/>\n<meta property=\"og:url\" content=\"https:\/\/www.chorale-resonance.org\/index.php\/agenda\/projets\/\" \/>\n<meta property=\"og:site_name\" content=\"Ensemble Vocal R\u00e9sonance\" \/>\n<meta property=\"article:modified_time\" content=\"2021-10-15T16:59:23+00:00\" \/>\n<meta name=\"twitter:card\" content=\"summary_large_image\" \/>\n<meta name=\"twitter:label1\" content=\"Dur\u00e9e de lecture estim\u00e9e\" \/>\n\t<meta name=\"twitter:data1\" content=\"1 minute\" \/>\n<script type=\"application\/ld+json\" class=\"yoast-schema-graph\">{\"@context\":\"https:\/\/schema.org\",\"@graph\":[{\"@type\":\"WebSite\",\"@id\":\"https:\/\/www.chorale-resonance.org\/#website\",\"url\":\"https:\/\/www.chorale-resonance.org\/\",\"name\":\"Ensemble Vocal R\\u00e9sonance\",\"description\":\"Olivier L\\u00e9geret\",\"potentialAction\":[{\"@type\":\"SearchAction\",\"target\":{\"@type\":\"EntryPoint\",\"urlTemplate\":\"https:\/\/www.chorale-resonance.org\/?s={search_term_string}\"},\"query-input\":\"required name=search_term_string\"}],\"inLanguage\":\"fr-FR\"},{\"@type\":\"WebPage\",\"@id\":\"https:\/\/www.chorale-resonance.org\/index.php\/agenda\/projets\/#webpage\",\"url\":\"https:\/\/www.chorale-resonance.org\/index.php\/agenda\/projets\/\",\"name\":\"Nos Projets en cours & \\u00e0 venir - Ensemble Vocal R\\u00e9sonance\",\"isPartOf\":{\"@id\":\"https:\/\/www.chorale-resonance.org\/#website\"},\"datePublished\":\"2019-02-27T22:39:51+00:00\",\"dateModified\":\"2021-10-15T16:59:23+00:00\",\"description\":\"Projet - Cette page vous permet de consulter tous nos projets en cours ou \\u00e0 venir. D'y retrouver les informations, les propositions ...\",\"breadcrumb\":{\"@id\":\"https:\/\/www.chorale-resonance.org\/index.php\/agenda\/projets\/#breadcrumb\"},\"inLanguage\":\"fr-FR\",\"potentialAction\":[{\"@type\":\"ReadAction\",\"target\":[\"https:\/\/www.chorale-resonance.org\/index.php\/agenda\/projets\/\"]}]},{\"@type\":\"BreadcrumbList\",\"@id\":\"https:\/\/www.chorale-resonance.org\/index.php\/agenda\/projets\/#breadcrumb\",\"itemListElement\":[{\"@type\":\"ListItem\",\"position\":1,\"name\":\"Accueil\",\"item\":\"https:\/\/www.chorale-resonance.org\/\"},{\"@type\":\"ListItem\",\"position\":2,\"name\":\"Ev\\u00e8nements\",\"item\":\"https:\/\/www.chorale-resonance.org\/index.php\/agenda\/\"},{\"@type\":\"ListItem\",\"position\":3,\"name\":\"Projets\"}]}]}<\/script>\n<!-- \/ Yoast SEO plugin. -->","yoast_head_json":{"title":"Nos Projets en cours & \u00e0 venir - Ensemble Vocal R\u00e9sonance","description":"Projet - Cette page vous permet de consulter tous nos projets en cours ou \u00e0 venir. D'y retrouver les informations, les propositions ...","robots":{"index":"index","follow":"follow","max-snippet":"max-snippet:-1","max-image-preview":"max-image-preview:large","max-video-preview":"max-video-preview:-1"},"canonical":"https:\/\/www.chorale-resonance.org\/index.php\/agenda\/projets\/","og_locale":"fr_FR","og_type":"article","og_title":"Nos Projets en cours & \u00e0 venir - Ensemble Vocal R\u00e9sonance","og_description":"Projet - Cette page vous permet de consulter tous nos projets en cours ou \u00e0 venir. D'y retrouver les informations, les propositions ...","og_url":"https:\/\/www.chorale-resonance.org\/index.php\/agenda\/projets\/","og_site_name":"Ensemble Vocal R\u00e9sonance","article_modified_time":"2021-10-15T16:59:23+00:00","twitter_card":"summary_large_image","twitter_misc":{"Dur\u00e9e de lecture estim\u00e9e":"1 minute"},"schema":{"@context":"https:\/\/schema.org","@graph":[{"@type":"WebSite","@id":"https:\/\/www.chorale-resonance.org\/#website","url":"https:\/\/www.chorale-resonance.org\/","name":"Ensemble Vocal R\u00e9sonance","description":"Olivier L\u00e9geret","potentialAction":[{"@type":"SearchAction","target":{"@type":"EntryPoint","urlTemplate":"https:\/\/www.chorale-resonance.org\/?s={search_term_string}"},"query-input":"required name=search_term_string"}],"inLanguage":"fr-FR"},{"@type":"WebPage","@id":"https:\/\/www.chorale-resonance.org\/index.php\/agenda\/projets\/#webpage","url":"https:\/\/www.chorale-resonance.org\/index.php\/agenda\/projets\/","name":"Nos Projets en cours & \u00e0 venir - Ensemble Vocal R\u00e9sonance","isPartOf":{"@id":"https:\/\/www.chorale-resonance.org\/#website"},"datePublished":"2019-02-27T22:39:51+00:00","dateModified":"2021-10-15T16:59:23+00:00","description":"Projet - Cette page vous permet de consulter tous nos projets en cours ou \u00e0 venir. D'y retrouver les informations, les propositions ...","breadcrumb":{"@id":"https:\/\/www.chorale-resonance.org\/index.php\/agenda\/projets\/#breadcrumb"},"inLanguage":"fr-FR","potentialAction":[{"@type":"ReadAction","target":["https:\/\/www.chorale-resonance.org\/index.php\/agenda\/projets\/"]}]},{"@type":"BreadcrumbList","@id":"https:\/\/www.chorale-resonance.org\/index.php\/agenda\/projets\/#breadcrumb","itemListElement":[{"@type":"ListItem","position":1,"name":"Accueil","item":"https:\/\/www.chorale-resonance.org\/"},{"@type":"ListItem","position":2,"name":"Ev\u00e8nements","item":"https:\/\/www.chorale-resonance.org\/index.php\/agenda\/"},{"@type":"ListItem","position":3,"name":"Projets"}]}]}},"_links":{"self":[{"href":"https:\/\/www.chorale-resonance.org\/index.php\/wp-json\/wp\/v2\/pages\/91"}],"collection":[{"href":"https:\/\/www.chorale-resonance.org\/index.php\/wp-json\/wp\/v2\/pages"}],"about":[{"href":"https:\/\/www.chorale-resonance.org\/index.php\/wp-json\/wp\/v2\/types\/page"}],"author":[{"embeddable":true,"href":"https:\/\/www.chorale-resonance.org\/index.php\/wp-json\/wp\/v2\/users\/1"}],"replies":[{"embeddable":true,"href":"https:\/\/www.chorale-resonance.org\/index.php\/wp-json\/wp\/v2\/comments?post=91"}],"version-history":[{"count":14,"href":"https:\/\/www.chorale-resonance.org\/index.php\/wp-json\/wp\/v2\/pages\/91\/revisions"}],"predecessor-version":[{"id":1253,"href":"https:\/\/www.chorale-resonance.org\/index.php\/wp-json\/wp\/v2\/pages\/91\/revisions\/1253"}],"up":[{"embeddable":true,"href":"https:\/\/www.chorale-resonance.org\/index.php\/wp-json\/wp\/v2\/pages\/51"}],"wp:attachment":[{"href":"https:\/\/www.chorale-resonance.org\/index.php\/wp-json\/wp\/v2\/media?parent=91"}],"curies":[{"name":"wp","href":"https:\/\/api.w.org\/{rel}","templated":true}]}}