{"id":93,"date":"2019-02-27T23:50:33","date_gmt":"2019-02-27T22:50:33","guid":{"rendered":"http:\/\/www.ensemblevocal.chorale-resonance.org\/?page_id=93"},"modified":"2019-10-30T17:57:34","modified_gmt":"2019-10-30T16:57:34","slug":"videos","status":"publish","type":"page","link":"https:\/\/www.chorale-resonance.org\/index.php\/media\/videos\/","title":{"rendered":"Vid\u00e9os"},"content":{"rendered":"\t\t<div data-elementor-type=\"wp-page\" data-elementor-id=\"93\" class=\"elementor elementor-93\">\n\t\t\t\t\t\t<div class=\"elementor-inner\">\n\t\t\t\t<div class=\"elementor-section-wrap\">\n\t\t\t\t\t\t\t\t\t<section class=\"elementor-section elementor-top-section elementor-element elementor-element-2cf5d0ea elementor-section-boxed elementor-section-height-default elementor-section-height-default\" data-id=\"2cf5d0ea\" data-element_type=\"section\" data-settings=\"{&quot;background_background&quot;:&quot;classic&quot;}\">\n\t\t\t\t\t\t<div class=\"elementor-container elementor-column-gap-default\">\n\t\t\t\t\t\t\t<div class=\"elementor-row\">\n\t\t\t\t\t<div class=\"elementor-column elementor-col-100 elementor-top-column elementor-element elementor-element-6e902759\" data-id=\"6e902759\" data-element_type=\"column\">\n\t\t\t<div class=\"elementor-column-wrap elementor-element-populated\">\n\t\t\t\t\t\t\t<div class=\"elementor-widget-wrap\">\n\t\t\t\t\t\t<div class=\"elementor-element elementor-element-63216ce8 elementor-widget elementor-widget-heading\" data-id=\"63216ce8\" data-element_type=\"widget\" data-widget_type=\"heading.default\">\n\t\t\t\t<div class=\"elementor-widget-container\">\n\t\t\t<h1 class=\"elementor-heading-title elementor-size-large\">VIDEO<\/h1>\t\t<\/div>\n\t\t\t\t<\/div>\n\t\t\t\t<div class=\"elementor-element elementor-element-1b712884 elementor-widget elementor-widget-text-editor\" data-id=\"1b712884\" data-element_type=\"widget\" data-widget_type=\"text-editor.default\">\n\t\t\t\t<div class=\"elementor-widget-container\">\n\t\t\t\t\t\t\t\t<div class=\"elementor-text-editor elementor-clearfix\">\n\t\t\t\t<p>Lors de nos diff\u00e9rents concerts nous avons r\u00e9alis\u00e9 des vid\u00e9os que nous avons compil\u00e9es sur une cha\u00eene YouTube.<\/p>\t\t\t\t\t<\/div>\n\t\t\t\t\t\t<\/div>\n\t\t\t\t<\/div>\n\t\t\t\t<div class=\"elementor-element elementor-element-6c4625de elementor-aspect-ratio-169 elementor-widget elementor-widget-video\" data-id=\"6c4625de\" data-element_type=\"widget\" data-settings=\"{&quot;show_image_overlay&quot;:&quot;yes&quot;,&quot;image_overlay&quot;:{&quot;url&quot;:&quot;http:\\\/\\\/www.ensemblevocal.chorale-resonance.org\\\/wp-content\\\/uploads\\\/2019\\\/05\\\/PhotoVideo.jpg&quot;,&quot;id&quot;:835},&quot;youtube_url&quot;:&quot;https:\\\/\\\/www.youtube.com\\\/watch?v=-lpO1kIDFCE&quot;,&quot;video_type&quot;:&quot;youtube&quot;,&quot;controls&quot;:&quot;yes&quot;,&quot;aspect_ratio&quot;:&quot;169&quot;}\" data-widget_type=\"video.default\">\n\t\t\t\t<div class=\"elementor-widget-container\">\n\t\t\t\t\t<div class=\"elementor-wrapper elementor-fit-aspect-ratio elementor-open-inline\">\n\t\t\t<div class=\"elementor-video\"><\/div>\t\t\t\t<div class=\"elementor-custom-embed-image-overlay\" style=\"background-image: url(https:\/\/www.chorale-resonance.org\/wp-content\/uploads\/2019\/05\/PhotoVideo.jpg);\">\n\t\t\t\t\t\t\t\t\t\t\t\t\t\t\t\t<div class=\"elementor-custom-embed-play\" role=\"button\" aria-label=\"Lire la vid\u00e9o\" tabindex=\"0\">\n\t\t\t\t\t\t\t<i aria-hidden=\"true\" class=\"eicon-play\"><\/i>\t\t\t\t\t\t\t<span class=\"elementor-screen-only\">Lire la vid\u00e9o<\/span>\n\t\t\t\t\t\t<\/div>\n\t\t\t\t\t\t\t\t\t<\/div>\n\t\t\t\t\t<\/div>\n\t\t\t\t<\/div>\n\t\t\t\t<\/div>\n\t\t\t\t\t\t<\/div>\n\t\t\t\t\t<\/div>\n\t\t<\/div>\n\t\t\t\t\t\t\t\t<\/div>\n\t\t\t\t\t<\/div>\n\t\t<\/section>\n\t\t\t\t<section class=\"elementor-section elementor-top-section elementor-element elementor-element-3af3bdc elementor-section-boxed elementor-section-height-default elementor-section-height-default\" data-id=\"3af3bdc\" data-element_type=\"section\">\n\t\t\t\t\t\t<div class=\"elementor-container elementor-column-gap-default\">\n\t\t\t\t\t\t\t<div class=\"elementor-row\">\n\t\t\t\t\t<div class=\"elementor-column elementor-col-100 elementor-top-column elementor-element elementor-element-752e36e\" data-id=\"752e36e\" data-element_type=\"column\">\n\t\t\t<div class=\"elementor-column-wrap elementor-element-populated\">\n\t\t\t\t\t\t\t<div class=\"elementor-widget-wrap\">\n\t\t\t\t\t\t<div class=\"elementor-element elementor-element-77f4d14 elementor-widget elementor-widget-spacer\" data-id=\"77f4d14\" data-element_type=\"widget\" data-widget_type=\"spacer.default\">\n\t\t\t\t<div class=\"elementor-widget-container\">\n\t\t\t\t\t<div class=\"elementor-spacer\">\n\t\t\t<div class=\"elementor-spacer-inner\"><\/div>\n\t\t<\/div>\n\t\t\t\t<\/div>\n\t\t\t\t<\/div>\n\t\t\t\t\t\t<\/div>\n\t\t\t\t\t<\/div>\n\t\t<\/div>\n\t\t\t\t\t\t\t\t<\/div>\n\t\t\t\t\t<\/div>\n\t\t<\/section>\n\t\t\t\t<section class=\"elementor-section elementor-top-section elementor-element elementor-element-e582f8a elementor-section-boxed elementor-section-height-default elementor-section-height-default\" data-id=\"e582f8a\" data-element_type=\"section\">\n\t\t\t\t\t\t<div class=\"elementor-container elementor-column-gap-default\">\n\t\t\t\t\t\t\t<div class=\"elementor-row\">\n\t\t\t\t\t<div class=\"elementor-column elementor-col-100 elementor-top-column elementor-element elementor-element-ffe35c3\" data-id=\"ffe35c3\" data-element_type=\"column\">\n\t\t\t<div class=\"elementor-column-wrap elementor-element-populated\">\n\t\t\t\t\t\t\t<div class=\"elementor-widget-wrap\">\n\t\t\t\t\t\t<div class=\"elementor-element elementor-element-c3b77e9 elementor-widget elementor-widget-heading\" data-id=\"c3b77e9\" data-element_type=\"widget\" data-widget_type=\"heading.default\">\n\t\t\t\t<div class=\"elementor-widget-container\">\n\t\t\t<h2 class=\"elementor-heading-title elementor-size-default\">Notre cha\u00eene You Tube<\/h2>\t\t<\/div>\n\t\t\t\t<\/div>\n\t\t\t\t\t\t<\/div>\n\t\t\t\t\t<\/div>\n\t\t<\/div>\n\t\t\t\t\t\t\t\t<\/div>\n\t\t\t\t\t<\/div>\n\t\t<\/section>\n\t\t\t\t<section class=\"elementor-section elementor-top-section elementor-element elementor-element-37ed978 elementor-section-boxed elementor-section-height-default elementor-section-height-default\" data-id=\"37ed978\" data-element_type=\"section\">\n\t\t\t\t\t\t<div class=\"elementor-container elementor-column-gap-default\">\n\t\t\t\t\t\t\t<div class=\"elementor-row\">\n\t\t\t\t\t<div class=\"elementor-column elementor-col-100 elementor-top-column elementor-element elementor-element-06fab70\" data-id=\"06fab70\" data-element_type=\"column\">\n\t\t\t<div class=\"elementor-column-wrap elementor-element-populated\">\n\t\t\t\t\t\t\t<div class=\"elementor-widget-wrap\">\n\t\t\t\t\t\t<div class=\"elementor-element elementor-element-b458f05 elementor-widget elementor-widget-spacer\" data-id=\"b458f05\" data-element_type=\"widget\" data-widget_type=\"spacer.default\">\n\t\t\t\t<div class=\"elementor-widget-container\">\n\t\t\t\t\t<div class=\"elementor-spacer\">\n\t\t\t<div class=\"elementor-spacer-inner\"><\/div>\n\t\t<\/div>\n\t\t\t\t<\/div>\n\t\t\t\t<\/div>\n\t\t\t\t\t\t<\/div>\n\t\t\t\t\t<\/div>\n\t\t<\/div>\n\t\t\t\t\t\t\t\t<\/div>\n\t\t\t\t\t<\/div>\n\t\t<\/section>\n\t\t\t\t<section class=\"elementor-section elementor-top-section elementor-element elementor-element-6ae50d1 elementor-section-boxed elementor-section-height-default elementor-section-height-default\" data-id=\"6ae50d1\" data-element_type=\"section\">\n\t\t\t\t\t\t<div class=\"elementor-container elementor-column-gap-default\">\n\t\t\t\t\t\t\t<div class=\"elementor-row\">\n\t\t\t\t\t<div class=\"elementor-column elementor-col-100 elementor-top-column elementor-element elementor-element-0c4ed07\" data-id=\"0c4ed07\" data-element_type=\"column\">\n\t\t\t<div class=\"elementor-column-wrap elementor-element-populated\">\n\t\t\t\t\t\t\t<div class=\"elementor-widget-wrap\">\n\t\t\t\t\t\t<div class=\"elementor-element elementor-element-c22d148 elementor-button-info elementor-align-center elementor-widget elementor-widget-button\" data-id=\"c22d148\" data-element_type=\"widget\" data-widget_type=\"button.default\">\n\t\t\t\t<div class=\"elementor-widget-container\">\n\t\t\t\t\t<div class=\"elementor-button-wrapper\">\n\t\t\t<a href=\"https:\/\/www.youtube.com\/channel\/UC3FUidwkvXeriuw0VXe-GJg\" class=\"elementor-button-link elementor-button elementor-size-xl\" role=\"button\">\n\t\t\t\t\t\t<span class=\"elementor-button-content-wrapper\">\n\t\t\t\t\t\t<span class=\"elementor-button-text\">Acc\u00e8s \u00e0 notre cha\u00eene<\/span>\n\t\t<\/span>\n\t\t\t\t\t<\/a>\n\t\t<\/div>\n\t\t\t\t<\/div>\n\t\t\t\t<\/div>\n\t\t\t\t\t\t<\/div>\n\t\t\t\t\t<\/div>\n\t\t<\/div>\n\t\t\t\t\t\t\t\t<\/div>\n\t\t\t\t\t<\/div>\n\t\t<\/section>\n\t\t\t\t\t\t\t\t\t<\/div>\n\t\t\t<\/div>\n\t\t\t\t\t<\/div>\n\t\t","protected":false},"excerpt":{"rendered":"<p>VIDEO Lors de nos diff\u00e9rents concerts nous avons r\u00e9alis\u00e9 des vid\u00e9os que nous avons compil\u00e9es sur une cha\u00eene YouTube. Notre cha\u00eene You Tube Acc\u00e8s \u00e0 notre cha\u00eene<\/p>\n","protected":false},"author":1,"featured_media":195,"parent":41,"menu_order":1,"comment_status":"closed","ping_status":"closed","template":"elementor_header_footer","meta":{"_exactmetrics_skip_tracking":false,"_exactmetrics_sitenote_active":false,"_exactmetrics_sitenote_note":"","_exactmetrics_sitenote_category":0},"yoast_head":"<!-- This site is optimized with the Yoast SEO plugin v17.2.1 - https:\/\/yoast.com\/wordpress\/plugins\/seo\/ -->\n<title>Nos Vid\u00e9os de concerts - Ensemble Vocal R\u00e9sonance<\/title>\n<meta name=\"description\" content=\"Cette page est d\u00e9di\u00e9e aux vid\u00e9os de nos concerts et \u00e0 la cha\u00eene You Tube que nous avons cr\u00e9\u00e9 afin de partager nos diff\u00e9rentes captations pendant ces moments\" \/>\n<meta name=\"robots\" content=\"index, follow, max-snippet:-1, max-image-preview:large, max-video-preview:-1\" \/>\n<link rel=\"canonical\" href=\"https:\/\/www.chorale-resonance.org\/index.php\/media\/videos\/\" \/>\n<meta property=\"og:locale\" content=\"fr_FR\" \/>\n<meta property=\"og:type\" content=\"article\" \/>\n<meta property=\"og:title\" content=\"Nos Vid\u00e9os de concerts - Ensemble Vocal R\u00e9sonance\" \/>\n<meta property=\"og:description\" content=\"Cette page est d\u00e9di\u00e9e aux vid\u00e9os de nos concerts et \u00e0 la cha\u00eene You Tube que nous avons cr\u00e9\u00e9 afin de partager nos diff\u00e9rentes captations pendant ces moments\" \/>\n<meta property=\"og:url\" content=\"https:\/\/www.chorale-resonance.org\/index.php\/media\/videos\/\" \/>\n<meta property=\"og:site_name\" content=\"Ensemble Vocal R\u00e9sonance\" \/>\n<meta property=\"article:modified_time\" content=\"2019-10-30T16:57:34+00:00\" \/>\n<meta property=\"og:image\" content=\"http:\/\/www.chorale-resonance.org\/wp-content\/uploads\/2019\/03\/2018-12-16-R\u00c7sonance-1.jpg\" \/>\n\t<meta property=\"og:image:width\" content=\"4044\" \/>\n\t<meta property=\"og:image:height\" content=\"2229\" \/>\n<meta name=\"twitter:card\" content=\"summary_large_image\" \/>\n<script type=\"application\/ld+json\" class=\"yoast-schema-graph\">{\"@context\":\"https:\/\/schema.org\",\"@graph\":[{\"@type\":\"WebSite\",\"@id\":\"https:\/\/www.chorale-resonance.org\/#website\",\"url\":\"https:\/\/www.chorale-resonance.org\/\",\"name\":\"Ensemble Vocal R\\u00e9sonance\",\"description\":\"Olivier L\\u00e9geret\",\"potentialAction\":[{\"@type\":\"SearchAction\",\"target\":{\"@type\":\"EntryPoint\",\"urlTemplate\":\"https:\/\/www.chorale-resonance.org\/?s={search_term_string}\"},\"query-input\":\"required name=search_term_string\"}],\"inLanguage\":\"fr-FR\"},{\"@type\":\"ImageObject\",\"@id\":\"https:\/\/www.chorale-resonance.org\/index.php\/media\/videos\/#primaryimage\",\"inLanguage\":\"fr-FR\",\"url\":\"https:\/\/www.chorale-resonance.org\/wp-content\/uploads\/2019\/03\/2018-12-16-R\\u00c7sonance-1.jpg\",\"contentUrl\":\"https:\/\/www.chorale-resonance.org\/wp-content\/uploads\/2019\/03\/2018-12-16-R\\u00c7sonance-1.jpg\",\"width\":4044,\"height\":2229,\"caption\":\"resonance_ensemble_chorale\"},{\"@type\":\"WebPage\",\"@id\":\"https:\/\/www.chorale-resonance.org\/index.php\/media\/videos\/#webpage\",\"url\":\"https:\/\/www.chorale-resonance.org\/index.php\/media\/videos\/\",\"name\":\"Nos Vid\\u00e9os de concerts - Ensemble Vocal R\\u00e9sonance\",\"isPartOf\":{\"@id\":\"https:\/\/www.chorale-resonance.org\/#website\"},\"primaryImageOfPage\":{\"@id\":\"https:\/\/www.chorale-resonance.org\/index.php\/media\/videos\/#primaryimage\"},\"datePublished\":\"2019-02-27T22:50:33+00:00\",\"dateModified\":\"2019-10-30T16:57:34+00:00\",\"description\":\"Cette page est d\\u00e9di\\u00e9e aux vid\\u00e9os de nos concerts et \\u00e0 la cha\\u00eene You Tube que nous avons cr\\u00e9\\u00e9 afin de partager nos diff\\u00e9rentes captations pendant ces moments\",\"breadcrumb\":{\"@id\":\"https:\/\/www.chorale-resonance.org\/index.php\/media\/videos\/#breadcrumb\"},\"inLanguage\":\"fr-FR\",\"potentialAction\":[{\"@type\":\"ReadAction\",\"target\":[\"https:\/\/www.chorale-resonance.org\/index.php\/media\/videos\/\"]}]},{\"@type\":\"BreadcrumbList\",\"@id\":\"https:\/\/www.chorale-resonance.org\/index.php\/media\/videos\/#breadcrumb\",\"itemListElement\":[{\"@type\":\"ListItem\",\"position\":1,\"name\":\"Accueil\",\"item\":\"https:\/\/www.chorale-resonance.org\/\"},{\"@type\":\"ListItem\",\"position\":2,\"name\":\"Media\",\"item\":\"https:\/\/www.chorale-resonance.org\/index.php\/media\/\"},{\"@type\":\"ListItem\",\"position\":3,\"name\":\"Vid\\u00e9os\"}]}]}<\/script>\n<!-- \/ Yoast SEO plugin. -->","yoast_head_json":{"title":"Nos Vid\u00e9os de concerts - Ensemble Vocal R\u00e9sonance","description":"Cette page est d\u00e9di\u00e9e aux vid\u00e9os de nos concerts et \u00e0 la cha\u00eene You Tube que nous avons cr\u00e9\u00e9 afin de partager nos diff\u00e9rentes captations pendant ces moments","robots":{"index":"index","follow":"follow","max-snippet":"max-snippet:-1","max-image-preview":"max-image-preview:large","max-video-preview":"max-video-preview:-1"},"canonical":"https:\/\/www.chorale-resonance.org\/index.php\/media\/videos\/","og_locale":"fr_FR","og_type":"article","og_title":"Nos Vid\u00e9os de concerts - Ensemble Vocal R\u00e9sonance","og_description":"Cette page est d\u00e9di\u00e9e aux vid\u00e9os de nos concerts et \u00e0 la cha\u00eene You Tube que nous avons cr\u00e9\u00e9 afin de partager nos diff\u00e9rentes captations pendant ces moments","og_url":"https:\/\/www.chorale-resonance.org\/index.php\/media\/videos\/","og_site_name":"Ensemble Vocal R\u00e9sonance","article_modified_time":"2019-10-30T16:57:34+00:00","og_image":[{"width":4044,"height":2229,"url":"http:\/\/www.chorale-resonance.org\/wp-content\/uploads\/2019\/03\/2018-12-16-R\u00c7sonance-1.jpg","path":"\/home\/choraler\/ensembelvocal\/wp-content\/uploads\/2019\/03\/2018-12-16-R\u00c7sonance-1.jpg","size":"full","id":195,"alt":"resonance_ensemble_chorale","pixels":9014076,"type":"image\/jpeg"}],"twitter_card":"summary_large_image","schema":{"@context":"https:\/\/schema.org","@graph":[{"@type":"WebSite","@id":"https:\/\/www.chorale-resonance.org\/#website","url":"https:\/\/www.chorale-resonance.org\/","name":"Ensemble Vocal R\u00e9sonance","description":"Olivier L\u00e9geret","potentialAction":[{"@type":"SearchAction","target":{"@type":"EntryPoint","urlTemplate":"https:\/\/www.chorale-resonance.org\/?s={search_term_string}"},"query-input":"required name=search_term_string"}],"inLanguage":"fr-FR"},{"@type":"ImageObject","@id":"https:\/\/www.chorale-resonance.org\/index.php\/media\/videos\/#primaryimage","inLanguage":"fr-FR","url":"https:\/\/www.chorale-resonance.org\/wp-content\/uploads\/2019\/03\/2018-12-16-R\u00c7sonance-1.jpg","contentUrl":"https:\/\/www.chorale-resonance.org\/wp-content\/uploads\/2019\/03\/2018-12-16-R\u00c7sonance-1.jpg","width":4044,"height":2229,"caption":"resonance_ensemble_chorale"},{"@type":"WebPage","@id":"https:\/\/www.chorale-resonance.org\/index.php\/media\/videos\/#webpage","url":"https:\/\/www.chorale-resonance.org\/index.php\/media\/videos\/","name":"Nos Vid\u00e9os de concerts - Ensemble Vocal R\u00e9sonance","isPartOf":{"@id":"https:\/\/www.chorale-resonance.org\/#website"},"primaryImageOfPage":{"@id":"https:\/\/www.chorale-resonance.org\/index.php\/media\/videos\/#primaryimage"},"datePublished":"2019-02-27T22:50:33+00:00","dateModified":"2019-10-30T16:57:34+00:00","description":"Cette page est d\u00e9di\u00e9e aux vid\u00e9os de nos concerts et \u00e0 la cha\u00eene You Tube que nous avons cr\u00e9\u00e9 afin de partager nos diff\u00e9rentes captations pendant ces moments","breadcrumb":{"@id":"https:\/\/www.chorale-resonance.org\/index.php\/media\/videos\/#breadcrumb"},"inLanguage":"fr-FR","potentialAction":[{"@type":"ReadAction","target":["https:\/\/www.chorale-resonance.org\/index.php\/media\/videos\/"]}]},{"@type":"BreadcrumbList","@id":"https:\/\/www.chorale-resonance.org\/index.php\/media\/videos\/#breadcrumb","itemListElement":[{"@type":"ListItem","position":1,"name":"Accueil","item":"https:\/\/www.chorale-resonance.org\/"},{"@type":"ListItem","position":2,"name":"Media","item":"https:\/\/www.chorale-resonance.org\/index.php\/media\/"},{"@type":"ListItem","position":3,"name":"Vid\u00e9os"}]}]}},"_links":{"self":[{"href":"https:\/\/www.chorale-resonance.org\/index.php\/wp-json\/wp\/v2\/pages\/93"}],"collection":[{"href":"https:\/\/www.chorale-resonance.org\/index.php\/wp-json\/wp\/v2\/pages"}],"about":[{"href":"https:\/\/www.chorale-resonance.org\/index.php\/wp-json\/wp\/v2\/types\/page"}],"author":[{"embeddable":true,"href":"https:\/\/www.chorale-resonance.org\/index.php\/wp-json\/wp\/v2\/users\/1"}],"replies":[{"embeddable":true,"href":"https:\/\/www.chorale-resonance.org\/index.php\/wp-json\/wp\/v2\/comments?post=93"}],"version-history":[{"count":11,"href":"https:\/\/www.chorale-resonance.org\/index.php\/wp-json\/wp\/v2\/pages\/93\/revisions"}],"predecessor-version":[{"id":956,"href":"https:\/\/www.chorale-resonance.org\/index.php\/wp-json\/wp\/v2\/pages\/93\/revisions\/956"}],"up":[{"embeddable":true,"href":"https:\/\/www.chorale-resonance.org\/index.php\/wp-json\/wp\/v2\/pages\/41"}],"wp:featuredmedia":[{"embeddable":true,"href":"https:\/\/www.chorale-resonance.org\/index.php\/wp-json\/wp\/v2\/media\/195"}],"wp:attachment":[{"href":"https:\/\/www.chorale-resonance.org\/index.php\/wp-json\/wp\/v2\/media?parent=93"}],"curies":[{"name":"wp","href":"https:\/\/api.w.org\/{rel}","templated":true}]}}